{"id":991,"date":"2017-12-18T13:41:35","date_gmt":"2017-12-18T12:41:35","guid":{"rendered":"http:\/\/pannonianyomda.hu\/en\/?page_id=991"},"modified":"2020-12-18T14:00:21","modified_gmt":"2020-12-18T13:00:21","slug":"references","status":"publish","type":"page","link":"https:\/\/pannonianyomda.hu\/en\/references\/","title":{"rendered":"References"},"content":{"rendered":"<div class=\"su-row\">\n<div class=\"su-column su-column-size-1-2\"><div class=\"su-column-inner su-u-clearfix su-u-trim\">\n<h2>Oliver Shiflish &#8211; <em>Less fear more Happiness<\/em><\/h2>\n<div class=\"su-spacer\" style=\"height:10px\"><\/div>\n<div class=\"su-custom-gallery su-custom-gallery-align-left su-custom-gallery-title-never ph-rounded su-lightbox-gallery\"><div class=\"su-custom-gallery-slide\" style=\"width:130px;height:130px\"><a href=\"https:\/\/pannonianyomda.hu\/en\/wp-content\/uploads\/2017\/12\/book_referencies_01_B.png\" title=\"book_referencies_01_B\"><img src=\"https:\/\/pannonianyomda.hu\/en\/wp-content\/uploads\/2017\/12\/book_referencies_01_B-130x130.png\" alt=\"book_referencies_01_B\" width=\"130\" height=\"130\" \/><span class=\"su-custom-gallery-title\">book_referencies_01_B<\/span><\/a><\/div><div class=\"su-custom-gallery-slide\" style=\"width:130px;height:130px\"><a href=\"https:\/\/pannonianyomda.hu\/en\/wp-content\/uploads\/2017\/12\/book_referencies_01_A.png\" title=\"book_referencies_01_A\"><img src=\"https:\/\/pannonianyomda.hu\/en\/wp-content\/uploads\/2017\/12\/book_referencies_01_A-130x130.png\" alt=\"book_referencies_01_A\" width=\"130\" height=\"130\" \/><span class=\"su-custom-gallery-title\">book_referencies_01_A<\/span><\/a><\/div><div class=\"su-clear\"><\/div><\/div>\n<ul style=\"color: #FFFFFF; margin-left: 0;\">\n<li><strong>Size:<\/strong> A5, 108+4 pages, soft cover, glue binding<\/li>\n<li><strong>Cover:<\/strong> 4+0, 280 g aurocard glossy foil cover<\/li>\n<li><strong>Inside:<\/strong> 80 g offset paper, 2+2 and an additional 6 pages 4+0<\/li>\n<\/ul>\n<\/div><\/div>\n<div class=\"su-column su-column-size-1-2\"><div class=\"su-column-inner su-u-clearfix su-u-trim\">\n<h2>Gyula Tak\u00e1cs &#8211; <em>Szent J\u00e1nos Evang\u00e9liuma<\/em><\/h2>\n<div class=\"su-spacer\" style=\"height:10px\"><\/div>\n<div class=\"su-custom-gallery su-custom-gallery-align-left su-custom-gallery-title-never ph-rounded su-lightbox-gallery\"><div class=\"su-custom-gallery-slide\" style=\"width:130px;height:130px\"><a href=\"https:\/\/pannonianyomda.hu\/en\/wp-content\/uploads\/2017\/12\/book_referencies_02_A.png\" title=\"book_referencies_02_A\"><img src=\"https:\/\/pannonianyomda.hu\/en\/wp-content\/uploads\/2017\/12\/book_referencies_02_A-130x130.png\" alt=\"book_referencies_02_A\" width=\"130\" height=\"130\" \/><span class=\"su-custom-gallery-title\">book_referencies_02_A<\/span><\/a><\/div><div class=\"su-custom-gallery-slide\" style=\"width:130px;height:130px\"><a href=\"https:\/\/pannonianyomda.hu\/en\/wp-content\/uploads\/2017\/12\/book_referencies_02_B.png\" title=\"book_referencies_02_B\"><img src=\"https:\/\/pannonianyomda.hu\/en\/wp-content\/uploads\/2017\/12\/book_referencies_02_B-130x130.png\" alt=\"book_referencies_02_B\" width=\"130\" height=\"130\" \/><span class=\"su-custom-gallery-title\">book_referencies_02_B<\/span><\/a><\/div><div class=\"su-clear\"><\/div><\/div>\n<ul style=\"color: #FFFFFF; margin-left: 0;\">\n<li><strong>Size:<\/strong> B5, 364 pages, soft cover, glue bindig, matte foil<\/li>\n<li><strong>Cover:<\/strong> 4+0, 300 g matte art paper<\/li>\n<li><strong>Inside:<\/strong> 1+1, 80 g offset paper<\/li>\n<\/ul>\n<\/div><\/div>\n<\/div>\n<div class=\"su-divider su-divider-style-default\" style=\"margin:15px 0;border-width:1px;border-color:rgba(255,255,255,0.3)\"><a href=\"#\" style=\"color:rgba(255,255,255,0.3)\">Go to top<\/a><\/div>\n<div class=\"su-row\">\n<div class=\"su-column su-column-size-1-2\"><div class=\"su-column-inner su-u-clearfix su-u-trim\">\n<h2><em>Equip test catalogue<\/em><\/h2>\n<div class=\"su-spacer\" style=\"height:10px\"><\/div>\n<div class=\"su-custom-gallery su-custom-gallery-align-left su-custom-gallery-title-never ph-rounded su-lightbox-gallery\"><div class=\"su-custom-gallery-slide\" style=\"width:130px;height:130px\"><a href=\"https:\/\/pannonianyomda.hu\/en\/wp-content\/uploads\/2017\/12\/book_referencies_03_A.png\" title=\"book_referencies_03_A\"><img src=\"https:\/\/pannonianyomda.hu\/en\/wp-content\/uploads\/2017\/12\/book_referencies_03_A-130x130.png\" alt=\"book_referencies_03_A\" width=\"130\" height=\"130\" \/><span class=\"su-custom-gallery-title\">book_referencies_03_A<\/span><\/a><\/div><div class=\"su-custom-gallery-slide\" style=\"width:130px;height:130px\"><a href=\"https:\/\/pannonianyomda.hu\/en\/wp-content\/uploads\/2017\/12\/book_referencies_03_B.png\" title=\"book_referencies_03_B\"><img src=\"https:\/\/pannonianyomda.hu\/en\/wp-content\/uploads\/2017\/12\/book_referencies_03_B-130x130.png\" alt=\"book_referencies_03_B\" width=\"130\" height=\"130\" \/><span class=\"su-custom-gallery-title\">book_referencies_03_B<\/span><\/a><\/div><div class=\"su-clear\"><\/div><\/div>\n<ul style=\"color: #FFFFFF; margin-left: 0;\">\n<li><strong>Size:<\/strong> A4, 240 pages, soft cover<\/li>\n<li><strong>Cover:<\/strong> 4+0, 300 g matte art paper, matt foil plus UV varnish<\/li>\n<li><strong>Inside:<\/strong> 4+4, 90 g matte art paper, PUR gluing<\/li>\n<\/ul>\n<\/div><\/div>\n<div class=\"su-column su-column-size-1-2\"><div class=\"su-column-inner su-u-clearfix su-u-trim\">\n<h2><em>Air Trade Center catalogue<\/em><\/h2>\n<div class=\"su-spacer\" style=\"height:10px\"><\/div>\n<div class=\"su-custom-gallery su-custom-gallery-align-left su-custom-gallery-title-never ph-rounded su-lightbox-gallery\"><div class=\"su-custom-gallery-slide\" style=\"width:130px;height:130px\"><a href=\"https:\/\/pannonianyomda.hu\/en\/wp-content\/uploads\/2017\/12\/book_referencies_04_A.png\" title=\"book_referencies_04_A\"><img src=\"https:\/\/pannonianyomda.hu\/en\/wp-content\/uploads\/2017\/12\/book_referencies_04_A-130x130.png\" alt=\"book_referencies_04_A\" width=\"130\" height=\"130\" \/><span class=\"su-custom-gallery-title\">book_referencies_04_A<\/span><\/a><\/div><div class=\"su-custom-gallery-slide\" style=\"width:130px;height:130px\"><a href=\"https:\/\/pannonianyomda.hu\/en\/wp-content\/uploads\/2017\/12\/book_referencies_04_B.png\" title=\"book_referencies_04_B\"><img src=\"https:\/\/pannonianyomda.hu\/en\/wp-content\/uploads\/2017\/12\/book_referencies_04_B-130x130.png\" alt=\"book_referencies_04_B\" width=\"130\" height=\"130\" \/><span class=\"su-custom-gallery-title\">book_referencies_04_B<\/span><\/a><\/div><div class=\"su-custom-gallery-slide\" style=\"width:130px;height:130px\"><a href=\"https:\/\/pannonianyomda.hu\/en\/wp-content\/uploads\/2017\/12\/book_referencies_04_C.png\" title=\"book_referencies_04_C\"><img src=\"https:\/\/pannonianyomda.hu\/en\/wp-content\/uploads\/2017\/12\/book_referencies_04_C-130x130.png\" alt=\"book_referencies_04_C\" width=\"130\" height=\"130\" \/><span class=\"su-custom-gallery-title\">book_referencies_04_C<\/span><\/a><\/div><div class=\"su-clear\"><\/div><\/div>\n<ul style=\"color: #FFFFFF; margin-left: 0;\">\n<li><strong>Size:<\/strong> A4, 784 pages, soft cover<\/li>\n<li><strong>Cover:<\/strong> 4+4, 300 g glossy foil matte art paper<\/li>\n<li><strong>Inside:<\/strong> 4+4, 90 g art paper, PUR gluing, with 10 registry cut<\/li>\n<\/ul>\n<\/div><\/div>\n<\/div>\n<div class=\"su-divider su-divider-style-default\" style=\"margin:15px 0;border-width:1px;border-color:rgba(255,255,255,0.3)\"><a href=\"#\" style=\"color:rgba(255,255,255,0.3)\">Go to top<\/a><\/div>\n<div class=\"su-row\">\n<div class=\"su-column su-column-size-1-2\"><div class=\"su-column-inner su-u-clearfix su-u-trim\">\n<h2><em>My Shabbat Prayer book<\/em><\/h2>\n<div class=\"su-spacer\" style=\"height:10px\"><\/div>\n<div class=\"su-custom-gallery su-custom-gallery-align-left su-custom-gallery-title-never ph-rounded su-lightbox-gallery\"><div class=\"su-custom-gallery-slide\" style=\"width:130px;height:130px\"><a href=\"https:\/\/pannonianyomda.hu\/en\/wp-content\/uploads\/2017\/12\/book_referencies_05_A.png\" title=\"book_referencies_05_A\"><img src=\"https:\/\/pannonianyomda.hu\/en\/wp-content\/uploads\/2017\/12\/book_referencies_05_A-130x130.png\" alt=\"book_referencies_05_A\" width=\"130\" height=\"130\" \/><span class=\"su-custom-gallery-title\">book_referencies_05_A<\/span><\/a><\/div><div class=\"su-custom-gallery-slide\" style=\"width:130px;height:130px\"><a href=\"https:\/\/pannonianyomda.hu\/en\/wp-content\/uploads\/2017\/12\/book_referencies_05_B.png\" title=\"book_referencies_05_B\"><img src=\"https:\/\/pannonianyomda.hu\/en\/wp-content\/uploads\/2017\/12\/book_referencies_05_B-130x130.png\" alt=\"book_referencies_05_B\" width=\"130\" height=\"130\" \/><span class=\"su-custom-gallery-title\">book_referencies_05_B<\/span><\/a><\/div><div class=\"su-custom-gallery-slide\" style=\"width:130px;height:130px\"><a href=\"https:\/\/pannonianyomda.hu\/en\/wp-content\/uploads\/2017\/12\/book_referencies_05_C.png\" title=\"book_referencies_05_C\"><img src=\"https:\/\/pannonianyomda.hu\/en\/wp-content\/uploads\/2017\/12\/book_referencies_05_C-130x130.png\" alt=\"book_referencies_05_C\" width=\"130\" height=\"130\" \/><span class=\"su-custom-gallery-title\">book_referencies_05_C<\/span><\/a><\/div><div class=\"su-clear\"><\/div><\/div>\n<ul style=\"color: #FFFFFF; margin-left: 0;\">\n<li><strong>Size:<\/strong> A5 size, 324 pages, sewed hard cover printed on a 135g, 2 mm cardboard<\/li>\n<li><strong>Cover:<\/strong> 4+0, 140 g offset paper<\/li>\n<li><strong>Inside:<\/strong> 1+1, 80g offset paper<\/li>\n<\/ul>\n<\/div><\/div>\n<div class=\"su-column su-column-size-1-2\"><div class=\"su-column-inner su-u-clearfix su-u-trim\">\n<h2>Attila Kov\u00e1cs \u2013 <em>Budapest from sunrise to sunset<\/em><\/h2>\n<div class=\"su-spacer\" style=\"height:10px\"><\/div>\n<div class=\"su-custom-gallery su-custom-gallery-align-left su-custom-gallery-title-never ph-rounded su-lightbox-gallery\"><div class=\"su-custom-gallery-slide\" style=\"width:130px;height:130px\"><a href=\"https:\/\/pannonianyomda.hu\/en\/wp-content\/uploads\/2017\/12\/book_referencies_06_A.png\" title=\"book_referencies_06_A\"><img src=\"https:\/\/pannonianyomda.hu\/en\/wp-content\/uploads\/2017\/12\/book_referencies_06_A-130x130.png\" alt=\"book_referencies_06_A\" width=\"130\" height=\"130\" \/><span class=\"su-custom-gallery-title\">book_referencies_06_A<\/span><\/a><\/div><div class=\"su-custom-gallery-slide\" style=\"width:130px;height:130px\"><a href=\"https:\/\/pannonianyomda.hu\/en\/wp-content\/uploads\/2017\/12\/book_referencies_06_B.png\" title=\"book_referencies_06_B\"><img src=\"https:\/\/pannonianyomda.hu\/en\/wp-content\/uploads\/2017\/12\/book_referencies_06_B-130x130.png\" alt=\"book_referencies_06_B\" width=\"130\" height=\"130\" \/><span class=\"su-custom-gallery-title\">book_referencies_06_B<\/span><\/a><\/div><div class=\"su-custom-gallery-slide\" style=\"width:130px;height:130px\"><a href=\"https:\/\/pannonianyomda.hu\/en\/wp-content\/uploads\/2017\/12\/book_referencies_06_C.png\" title=\"book_referencies_06_C\"><img src=\"https:\/\/pannonianyomda.hu\/en\/wp-content\/uploads\/2017\/12\/book_referencies_06_C-130x130.png\" alt=\"book_referencies_06_C\" width=\"130\" height=\"130\" \/><span class=\"su-custom-gallery-title\">book_referencies_06_C<\/span><\/a><\/div><div class=\"su-clear\"><\/div><\/div>\n<ul style=\"color: #FFFFFF; margin-left: 0;\">\n<li><strong>Size:<\/strong> 21cm x 21 cm, 176 pages, hard cover printed on a 135 g glossy foil, laminated on a 2mm cardboard<\/li>\n<li><strong>Cover:<\/strong> 4+0, printed inside cover page with 4+0<\/li>\n<li><strong>Inside:<\/strong> 4+4, 150 g matte art paper<\/li>\n<\/ul>\n<\/div><\/div>\n<\/div>\n<div class=\"su-divider su-divider-style-default\" style=\"margin:15px 0;border-width:1px;border-color:rgba(255,255,255,0.3)\"><a href=\"#\" style=\"color:rgba(255,255,255,0.3)\">Go to top<\/a><\/div>\n<div class=\"su-row\">\n<div class=\"su-column su-column-size-1-2\"><div class=\"su-column-inner su-u-clearfix su-u-trim\">\n<h2>Tangerine Dream &#8211; <em>Autobiography<\/em><\/h2>\n<div class=\"su-spacer\" style=\"height:10px\"><\/div>\n<div class=\"su-custom-gallery su-custom-gallery-align-left su-custom-gallery-title-never ph-rounded su-lightbox-gallery\"><div class=\"su-custom-gallery-slide\" style=\"width:130px;height:130px\"><a href=\"https:\/\/pannonianyomda.hu\/en\/wp-content\/uploads\/2017\/12\/book_referencies_07_A.png\" title=\"book_referencies_07_A\"><img src=\"https:\/\/pannonianyomda.hu\/en\/wp-content\/uploads\/2017\/12\/book_referencies_07_A-130x130.png\" alt=\"book_referencies_07_A\" width=\"130\" height=\"130\" \/><span class=\"su-custom-gallery-title\">book_referencies_07_A<\/span><\/a><\/div><div class=\"su-custom-gallery-slide\" style=\"width:130px;height:130px\"><a href=\"https:\/\/pannonianyomda.hu\/en\/wp-content\/uploads\/2017\/12\/book_referencies_07_B.png\" title=\"book_referencies_07_B\"><img src=\"https:\/\/pannonianyomda.hu\/en\/wp-content\/uploads\/2017\/12\/book_referencies_07_B-130x130.png\" alt=\"book_referencies_07_B\" width=\"130\" height=\"130\" \/><span class=\"su-custom-gallery-title\">book_referencies_07_B<\/span><\/a><\/div><div class=\"su-custom-gallery-slide\" style=\"width:130px;height:130px\"><a href=\"https:\/\/pannonianyomda.hu\/en\/wp-content\/uploads\/2017\/12\/book_referencies_07_C.png\" title=\"book_referencies_07_C\"><img src=\"https:\/\/pannonianyomda.hu\/en\/wp-content\/uploads\/2017\/12\/book_referencies_07_C-130x130.png\" alt=\"book_referencies_07_C\" width=\"130\" height=\"130\" \/><span class=\"su-custom-gallery-title\">book_referencies_07_C<\/span><\/a><\/div><div class=\"su-clear\"><\/div><\/div>\n<ul style=\"color: #FFFFFF; margin-left: 0;\">\n<li><strong>Size:<\/strong>24 cm x 30 cm, 394 pages, hard cover PUR glued on a 2 mm cardboard, protective cover printed with 4+0 on a 135 g matte art paper, with structured foil, unprinted inside cover page<\/li>\n<li><strong>Inside:<\/strong> 1+1, 115 g matte art paper with a 42 pages colorful appendix<\/li>\n<\/ul>\n<\/div><\/div>\n<div class=\"su-column su-column-size-1-2\"><div class=\"su-column-inner su-u-clearfix su-u-trim\">\n<h2>P\u00e9ter Molnos \u2013 <em>Hug\u00f3 Scheiber album<\/em><\/h2>\n<div class=\"su-spacer\" style=\"height:10px\"><\/div>\n<div class=\"su-custom-gallery su-custom-gallery-align-left su-custom-gallery-title-never ph-rounded su-lightbox-gallery\"><div class=\"su-custom-gallery-slide\" style=\"width:130px;height:130px\"><a href=\"https:\/\/pannonianyomda.hu\/en\/wp-content\/uploads\/2017\/12\/book_referencies_08_A.png\" title=\"book_referencies_08_A\"><img src=\"https:\/\/pannonianyomda.hu\/en\/wp-content\/uploads\/2017\/12\/book_referencies_08_A-130x130.png\" alt=\"book_referencies_08_A\" width=\"130\" height=\"130\" \/><span class=\"su-custom-gallery-title\">book_referencies_08_A<\/span><\/a><\/div><div class=\"su-custom-gallery-slide\" style=\"width:130px;height:130px\"><a href=\"https:\/\/pannonianyomda.hu\/en\/wp-content\/uploads\/2017\/12\/book_referencies_08_B.png\" title=\"book_referencies_08_B\"><img src=\"https:\/\/pannonianyomda.hu\/en\/wp-content\/uploads\/2017\/12\/book_referencies_08_B-130x130.png\" alt=\"book_referencies_08_B\" width=\"130\" height=\"130\" \/><span class=\"su-custom-gallery-title\">book_referencies_08_B<\/span><\/a><\/div><div class=\"su-custom-gallery-slide\" style=\"width:130px;height:130px\"><a href=\"https:\/\/pannonianyomda.hu\/en\/wp-content\/uploads\/2017\/12\/book_referencies_08_C.png\" title=\"book_referencies_08_C\"><img src=\"https:\/\/pannonianyomda.hu\/en\/wp-content\/uploads\/2017\/12\/book_referencies_08_C-130x130.png\" alt=\"book_referencies_08_C\" width=\"130\" height=\"130\" \/><span class=\"su-custom-gallery-title\">book_referencies_08_C<\/span><\/a><\/div><div class=\"su-clear\"><\/div><\/div>\n<ul style=\"color: #FFFFFF; margin-left: 0;\">\n<li><strong>Size:<\/strong> 23 cm x 27 cm, 241 pages, hard cover, coating printed on a 150g Rives paper<\/li>\n<li><strong>Cover:<\/strong> printed on a 2 mm cardboard, envelop protective cover embossed with 4+0 on a silver art paper, inside cover page printed on a red creative paper<\/li>\n<li><strong>Inside:<\/strong> 4+4, 150 g matte art paper<\/li>\n<\/ul>\n<\/div><\/div>\n<\/div>\n<div class=\"su-divider su-divider-style-default\" style=\"margin:15px 0;border-width:1px;border-color:rgba(255,255,255,0.3)\"><a href=\"#\" style=\"color:rgba(255,255,255,0.3)\">Go to top<\/a><\/div>\n<div class=\"su-row\">\n<div class=\"su-column su-column-size-1-2\"><div class=\"su-column-inner su-u-clearfix su-u-trim\">\n<h2>P\u00e9ter Molnos &#8211; <em>Count Gyula Batth\u00e1ny<\/em><\/h2>\n<div class=\"su-spacer\" style=\"height:10px\"><\/div>\n<div class=\"su-custom-gallery su-custom-gallery-align-left su-custom-gallery-title-never ph-rounded su-lightbox-gallery\"><div class=\"su-custom-gallery-slide\" style=\"width:130px;height:130px\"><a href=\"https:\/\/pannonianyomda.hu\/en\/wp-content\/uploads\/2017\/12\/book_referencies_09_A.png\" title=\"book_referencies_09_A\"><img src=\"https:\/\/pannonianyomda.hu\/en\/wp-content\/uploads\/2017\/12\/book_referencies_09_A-130x130.png\" alt=\"book_referencies_09_A\" width=\"130\" height=\"130\" \/><span class=\"su-custom-gallery-title\">book_referencies_09_A<\/span><\/a><\/div><div class=\"su-custom-gallery-slide\" style=\"width:130px;height:130px\"><a href=\"https:\/\/pannonianyomda.hu\/en\/wp-content\/uploads\/2017\/12\/book_referencies_09_B.png\" title=\"book_referencies_09_B\"><img src=\"https:\/\/pannonianyomda.hu\/en\/wp-content\/uploads\/2017\/12\/book_referencies_09_B-130x130.png\" alt=\"book_referencies_09_B\" width=\"130\" height=\"130\" \/><span class=\"su-custom-gallery-title\">book_referencies_09_B<\/span><\/a><\/div><div class=\"su-custom-gallery-slide\" style=\"width:130px;height:130px\"><a href=\"https:\/\/pannonianyomda.hu\/en\/wp-content\/uploads\/2017\/12\/book_referencies_09_C.png\" title=\"book_referencies_09_C\"><img src=\"https:\/\/pannonianyomda.hu\/en\/wp-content\/uploads\/2017\/12\/book_referencies_09_C-130x130.png\" alt=\"book_referencies_09_C\" width=\"130\" height=\"130\" \/><span class=\"su-custom-gallery-title\">book_referencies_09_C<\/span><\/a><\/div><div class=\"su-clear\"><\/div><\/div>\n<ul style=\"color: #FFFFFF; margin-left: 0;\">\n<li><strong>Size:<\/strong> 23 cm x 27 cm, 241 pages, hard cover, coating printed on a 150g Rives paper<\/li>\n<li><strong>Cover:<\/strong> printed on a 2 mm cardboard, envelop protective cover embossed with 4+0 on a silver art paper<\/li>\n<li><strong>Inside:<\/strong> 4+4, 150 g matte art paper<\/li>\n<\/ul>\n<\/div><\/div>\n<div class=\"su-column su-column-size-1-2\"><div class=\"su-column-inner su-u-clearfix su-u-trim\">\n<\/div><\/div>\n<\/div>\n","protected":false},"excerpt":{"rendered":"","protected":false},"author":1,"featured_media":994,"parent":0,"menu_order":0,"comment_status":"closed","ping_status":"closed","template":"","meta":[],"_links":{"self":[{"href":"https:\/\/pannonianyomda.hu\/en\/wp-json\/wp\/v2\/pages\/991"}],"collection":[{"href":"https:\/\/pannonianyomda.hu\/en\/wp-json\/wp\/v2\/pages"}],"about":[{"href":"https:\/\/pannonianyomda.hu\/en\/wp-json\/wp\/v2\/types\/page"}],"author":[{"embeddable":true,"href":"https:\/\/pannonianyomda.hu\/en\/wp-json\/wp\/v2\/users\/1"}],"replies":[{"embeddable":true,"href":"https:\/\/pannonianyomda.hu\/en\/wp-json\/wp\/v2\/comments?post=991"}],"version-history":[{"count":44,"href":"https:\/\/pannonianyomda.hu\/en\/wp-json\/wp\/v2\/pages\/991\/revisions"}],"predecessor-version":[{"id":1101,"href":"https:\/\/pannonianyomda.hu\/en\/wp-json\/wp\/v2\/pages\/991\/revisions\/1101"}],"wp:featuredmedia":[{"embeddable":true,"href":"https:\/\/pannonianyomda.hu\/en\/wp-json\/wp\/v2\/media\/994"}],"wp:attachment":[{"href":"https:\/\/pannonianyomda.hu\/en\/wp-json\/wp\/v2\/media?parent=991"}],"curies":[{"name":"wp","href":"https:\/\/api.w.org\/{rel}","templated":true}]}}