{"id":806,"date":"2016-10-05T11:17:43","date_gmt":"2016-10-05T09:17:43","guid":{"rendered":"http:\/\/pannonianyomda.hu\/en\/?page_id=806"},"modified":"2016-10-05T16:26:08","modified_gmt":"2016-10-05T14:26:08","slug":"adatvedelmi-iranyelvek","status":"publish","type":"page","link":"https:\/\/pannonianyomda.hu\/en\/adatvedelmi-iranyelvek\/","title":{"rendered":"Adatv\u00e9delmi ir\u00e1nyelvek"},"content":{"rendered":"<p style=\"text-align: justify;\">Ez az Adatv\u00e9delmi Ir\u00e1nyelv azokat a gyakorlati adatkezel\u00e9si el\u0151\u00edr\u00e1sokat tartalmazza, amelyeket a Pann\u00f3nia Nyomda Kft, saj\u00e1t mag\u00e1val, mint adatkezel\u0151vel szemben fogalmazott meg az elektronikus \u00faton a r\u00e9sz\u00fcnkre rendelkez\u00e9s\u00e9re bocs\u00e1tott adatok kezel\u00e9s\u00e9vel kapcsolatban, \u00f6sszhangban a hat\u00e1lyos jogszab\u00e1lyi rendelkez\u00e9sekkel, \u00edgy k\u00fcl\u00f6n\u00f6sen az inform\u00e1ci\u00f3s \u00f6nrendelkez\u00e9si jogr\u00f3l \u00e9s az inform\u00e1ci\u00f3szabads\u00e1gr\u00f3l sz\u00f3l\u00f3 2011. \u00e9vi CXII. t\u00f6rv\u00e9nnyel.<\/p>\n<div class=\"su-spacer\" style=\"height:20px\"><\/div>\n<p style=\"text-align: justify;\">Az \u00d6n \u00e1ltal megadott szem\u00e9lyes adatokkal kapcsolatban az Adatkezel\u0151 a:<\/p>\n<div class=\"su-spacer\" style=\"height:20px\"><\/div>\n<h4><strong>Pann\u00f3nia Nyomda Kft.<\/strong><\/h4>\n<p>Sz\u00e9khely: <strong>1139 Budapest, Frangep\u00e1n u. 16.<\/strong><br \/>\nC\u00e9gjegyz\u00e9ksz\u00e1m: <strong>01-09-948218<\/strong><br \/>\nAd\u00f3sz\u00e1m: <strong>22996747-2-41<\/strong><br \/>\n<div class=\"su-spacer\" style=\"height:20px\"><\/div>\n<p style=\"text-align: justify;\">Tiszteletben tartjuk \u00d6nnek azon jog\u00e1t, hogy t\u00e1j\u00e9koz\u00f3dni k\u00edv\u00e1n szem\u00e9lyes adatai kezel\u00e9s\u00e9r\u0151l. Ez\u00e9rt hoztuk l\u00e9tre jelen Adatv\u00e9delmi Ir\u00e1nyelvet, amelyben t\u00e1j\u00e9koztatjuk \u00d6nt szem\u00e9lyes adataira vonatkoz\u00f3 jogair\u00f3l. Ha b\u00e1rmilyen k\u00e9rd\u00e9se van a szem\u00e9lyes adatai kezel\u00e9s\u00e9t illet\u0151en, vagy k\u00e9rd\u00e9seket k\u00edv\u00e1n feltenni adatkezel\u00e9si gyakorlatunkkal kapcsolatban, k\u00e9rj\u00fck, l\u00e9pjen kapcsolatba a Pann\u00f3nia Nyomda Kft.-vel az <a class=\"transy-link-inside-text\" href=\"mailto:info@pannonianyomda.hu?Subject=Adatkezel\u00e9s\">info@pannonianyomda.hu<\/a> c\u00edmen.<\/p>\n<div class=\"su-spacer\" style=\"height:20px\"><\/div>\n<h3><strong>1. Milyen szem\u00e9lyes adatokat gy\u0171jt a Pann\u00f3nia Nyomda Kft. e weblapon kereszt\u00fcl, \u00e9s hogyan gy\u0171jti ezeket?<\/strong><\/h3>\n<p style=\"text-align: justify;\">Mi csak \u00e9s kiz\u00e1r\u00f3lag azokat az adatokat gy\u0171jtj\u00fck, amelyeket \u00d6n \u00f6nk\u00e9ntesen adott meg r\u00e9sz\u00fcnkre, illetve amelyek gy\u0171jt\u00e9s\u00e9hez hozz\u00e1j\u00e1rul\u00e1ssal rendelkez\u00fcnk \u00d6nt\u0151l, \u00e9s amelyekre sz\u00fcks\u00e9g\u00fcnk van az \u00d6n r\u00e9sz\u00e9re ny\u00fajtott szolg\u00e1ltat\u00e1saink biztos\u00edt\u00e1s\u00e1hoz (\u00e9s fejleszt\u00e9s\u00e9hez), tov\u00e1bb\u00e1 jelen Adatv\u00e9delmi Ir\u00e1nyelvben meghat\u00e1rozott c\u00e9lok el\u00e9r\u00e9s\u00e9hez. (Ezen adatok k\u00f6z\u00e9 k\u00fcl\u00f6n\u00f6sk\u00e9ppen az al\u00e1bbiak tartoznak: n\u00e9v, c\u00edm, e-mail c\u00edm, telefonsz\u00e1m, s\u00fctik &#8211; amennyiben alkalmazunk ilyent -, tov\u00e1bb\u00e1 kapcsolati \u00e9s rendszerinform\u00e1ci\u00f3k.)<br \/>\nAz \u00d6n \u00e1ltal megadott adatokra az\u00e9rt van sz\u00fcks\u00e9g\u00fcnk, hogy<br \/>\n&#8211; t\u00e1j\u00e9koztat\u00e1st ny\u00fajtsunk a term\u00e9keinkr\u0151l, akci\u00f3inkr\u00f3l;<br \/>\n&#8211; sz\u00e1ml\u00e1z\u00e1shoz a k\u00f6telez\u0151 adatokat a sz\u00e1ml\u00e1n felt\u00fcntess\u00fck;<br \/>\n&#8211; a munka elk\u00e9sz\u00fclt\u00e9r\u0151l, \u00e9rtes\u00edteni tudjuk \u00d6nt;<br \/>\n&#8211; tov\u00e1bb\u00e1, hogy naprak\u00e9szen inform\u00e1ljuk \u00d6nt a Pann\u00f3nia Nyomda Kft.-vel kapcsolatos h\u00edrekr\u0151l, \u00e9rdekess\u00e9gekr\u0151l.<\/p>\n<div class=\"su-spacer\" style=\"height:20px\"><\/div>\n<h3><strong>2. Milyen m\u00f3don garant\u00e1lja a Pann\u00f3nia Nyomda Kft. az \u00d6n szem\u00e9lyes adatainak biztons\u00e1gos \u00e9s bizalmas kezel\u00e9s\u00e9t?<\/strong><\/h3>\n<p style=\"text-align: justify;\">A Pann\u00f3nia Nyomda Kft. minden sz\u00fcks\u00e9ges int\u00e9zked\u00e9st megtesz az \u00d6n szem\u00e9lyes adatai bizalmas \u00e9s biztons\u00e1gos kezel\u00e9se \u00e9rdek\u00e9ben. Szem\u00e9lyes adataihoz csak a Pann\u00f3nia Nyomda Kft. munkat\u00e1rsai f\u00e9rhetnek hozz\u00e1, akiknek feladatuk ell\u00e1t\u00e1s\u00e1hoz ez sz\u00fcks\u00e9ges.<\/p>\n<div class=\"su-spacer\" style=\"height:20px\"><\/div>\n<h3><strong>3. Milyen c\u00e9lokra haszn\u00e1lja fel a Pann\u00f3nia Nyomda Kft. az \u00d6n szem\u00e9lyes adatait?<\/strong><\/h3>\n<p style=\"text-align: justify;\">Szem\u00e9lyes adatait a Pann\u00f3nia Nyomda Kft. azokra a c\u00e9lokra haszn\u00e1lja fel, amelyekre \u00d6n megadta azokat (pld. sz\u00e1ml\u00e1z\u00e1s, h\u00edrlev\u00e9lk\u00fcld\u00e9s, \u00e9rtes\u00edt\u00e9s munka elk\u00e9sz\u00fclt\u00e9r\u0151l), valamint a Pann\u00f3nia Nyomda Kft. marketingtev\u00e9kenys\u00e9ge c\u00e9lj\u00e1b\u00f3l. Felhaszn\u00e1ljuk az \u00d6n adatait arra, hogy sz\u00e1munkra k\u00fcl\u00f6nb\u00f6z\u0151, a term\u00e9keinkkel kapcsolatos statisztik\u00e1kat k\u00e9sz\u00edts\u00fcnk, felm\u00e9rj\u00fck fogyaszt\u00f3ink term\u00e9keinkkel, az \u00e1ltalunk ny\u00fajtott szolg\u00e1ltat\u00e1sokkal kapcsolatos el\u00e9gedetts\u00e9g\u00e9t, tov\u00e1bb\u00e1, hogy szolg\u00e1ltat\u00e1saink sz\u00ednvonal\u00e1t t\u00f6k\u00e9letes\u00edts\u00fck, illetve, hogy fogyaszt\u00f3inkt\u00f3l \u00e9rt\u00e9kes visszajelz\u00e9seket kapjunk.<\/p>\n<div class=\"su-spacer\" style=\"height:20px\"><\/div>\n<h3><strong>4. Kinek a r\u00e9sz\u00e9re \u00e9s milyen c\u00e9lb\u00f3l tov\u00e1bb\u00edtja a Pann\u00f3nia Nyomda Kft. az \u00d6n szem\u00e9lyes adatait?<\/strong><\/h3>\n<p style=\"text-align: justify;\">A Pann\u00f3nia Nyomda Kft. soha nem tov\u00e1bb\u00edtja az \u00d6n szem\u00e9lyes adatait olyan harmadik szem\u00e9lyek r\u00e9sz\u00e9re, akik azt direkt marketing c\u00e9lokra sz\u00e1nd\u00e9koznak felhaszn\u00e1lni, kiv\u00e9ve, ha \u00d6n erre kifejezett enged\u00e9lyt adott r\u00e9sz\u00fcnkre. \u00d6nnek joga van, hogy t\u00e1j\u00e9koztat\u00e1st k\u00e9rjen szem\u00e9lyes adatai kezel\u00e9s\u00e9r\u0151l, k\u00e9rje szem\u00e9lyes adatainak helyesb\u00edt\u00e9s\u00e9t, valamint k\u00e9rje szem\u00e9lyes adatainak \u2013 k\u00f6telez\u0151 adatkezel\u00e9s kiv\u00e9tel\u00e9vel \u2013 t\u00f6rl\u00e9s\u00e9t vagy z\u00e1rol\u00e1s\u00e1t. Az \u00d6n szem\u00e9lyes adatait tov\u00e1bb\u00edthatjuk \u00e1llami szerveknek, szervezeteknek is, ha erre b\u00e1rmikor hat\u00e1lyos jogszab\u00e1lyok k\u00f6teleznek benn\u00fcnket. Jogosultak vagyunk tov\u00e1bb\u00e1 adatai tov\u00e1bb\u00edt\u00e1s\u00e1ra \u00e1llami szervek, szervezetek \u00e9s hat\u00f3s\u00e1gok r\u00e9sz\u00e9re abban az esetben is, amennyiben ezen int\u00e9zked\u00e9s a k\u00f6r\u00fclm\u00e9nyek gondos m\u00e9rlegel\u00e9s\u00e9t k\u00f6vet\u0151en sz\u00fcks\u00e9gesnek mutatkozik a Pann\u00f3nia Nyomda Kft. vagy fogyaszt\u00f3ink \u00e9rdekeinek v\u00e9delme \u00e9rdek\u00e9ben.<\/p>\n<div class=\"su-spacer\" style=\"height:20px\"><\/div>\n<h3><strong>5. Hogyan f\u00e9rhet hozz\u00e1, ellen\u0151rizheti, v\u00e1ltoztathatja meg vagy t\u00f6r\u00f6ltetheti azokat a szem\u00e9lyes adatokat, amelyeket megad a r\u00e9sz\u00fcnkre?<\/strong><\/h3>\n<p style=\"text-align: justify;\">A Pann\u00f3nia Nyomda Kft. \u00e1ltal kezelt adatair\u00f3l felvil\u00e1gos\u00edt\u00e1st, tov\u00e1bb\u00e1 adatai t\u00f6rl\u00e9s\u00e9t a nyilv\u00e1ntart\u00e1sb\u00f3l, illetve azok m\u00f3dos\u00edt\u00e1s\u00e1t az <a class=\"transy-link-inside-text\" href=\"mailto:info@pannonianyomda.hu?Subject=Adatkezel\u00e9s\">info@pannonianyomda.hu<\/a> e-mail c\u00edmen illet\u0151leg a Pann\u00f3nia Nyomda Kft. sz\u00e9khely\u00e9re (1139 Budapest, Frangep\u00e1n u. 16.) c\u00edmezve postai \u00faton k\u00e9rheti.<\/p>\n<div class=\"su-spacer\" style=\"height:20px\"><\/div>\n<h3><strong>6. E-marketing \u2013 Mit jelentenek a SPAM-ek, \u00e9s mi a Pann\u00f3nia Nyomda Kft. \u00e1ll\u00e1spontja a SPAM e-mailekkel kapcsolatban?<\/strong><\/h3>\n<p style=\"text-align: justify;\">A spam az \u00d6n hozz\u00e1j\u00e1rul\u00e1sa n\u00e9lk\u00fcl k\u00fcld\u00f6tt e-maileket jelenti, amelyek rekl\u00e1m vagy marketing vonatkoz\u00e1s\u00fa anyagokat tartalmaznak.<br \/>\nA Pann\u00f3nia Nyomda Kft. nem k\u00fcld SPAM e-maileket. A Pann\u00f3nia Nyomda Kft. nem haszn\u00e1lja fel az \u00d6n szem\u00e9lyes adatait (ide\u00e9rtve az \u00d6n e-mail c\u00edm\u00e9t is) direkt marketing vagy nyomon k\u00f6vet\u0151 k\u00f6zl\u00e9sek c\u00e9lj\u00e1ra, hacsak \u00d6n nem adja meg nek\u00fcnk KIFEJEZETT (\u00fan. opt-in) hozz\u00e1j\u00e1rul\u00e1s\u00e1t.<br \/>\nA Pann\u00f3nia Nyomda Kft. az \u00d6n szem\u00e9lyes adatait nem tov\u00e1bb\u00edtja olyan harmadik szem\u00e9lyek r\u00e9sz\u00e9re sem, amelyek ezeket SPAM levelek k\u00fcld\u00e9s\u00e9hez haszn\u00e1lj\u00e1k fel.<br \/>\nA Pann\u00f3nia Nyomda Kft. honlapja lehet\u0151s\u00e9get ny\u00fajt \u00d6nnek, hogy e-mail \u00fatj\u00e1n kapjon marketing inform\u00e1ci\u00f3kat. Az e-mailek mindenkor lehet\u0151s\u00e9get biztos\u00edtanak \u00d6nnek, hogy letiltsa ezen e-mailek fogad\u00e1s\u00e1t.<br \/>\nHa \u00d6n valamilyen okb\u00f3l \u00fagy v\u00e9li, hogy spam e-mailt kapott a Pann\u00f3nia Nyomda Kft-t\u0151l, k\u00e9rj\u00fck, halad\u00e9ktalanul t\u00e1j\u00e9koztasson.<\/p>\n<div class=\"su-spacer\" style=\"height:20px\"><\/div>\n<h3><strong>7. Mennyi ideig t\u00e1rolja a Pann\u00f3nia Nyomda Kft. az \u00d6n szem\u00e9lyes adatait?<\/strong><\/h3>\n<p style=\"text-align: justify;\">A Pann\u00f3nia Nyomda Kft. az \u00d6n \u00e1ltal r\u00e9sz\u00fcnkre megadott szem\u00e9lyes adatokat a saj\u00e1t adatb\u00e1zisaiban t\u00e1rolja. A Pann\u00f3nia Nyomda Kft. az \u00d6n szem\u00e9lyes adatait csak addig t\u00e1rolja, ameddig az felt\u00e9tlen\u00fcl sz\u00fcks\u00e9ges azon c\u00e9lok megval\u00f3s\u00edt\u00e1s\u00e1hoz, amelyre azokat gy\u0171jt\u00f6tt\u00fck (pld. sz\u00e1ml\u00e1z\u00e1s, h\u00edrlev\u00e9lk\u00fcld\u00e9s, \u00e9rtes\u00edt\u00e9s a munka elk\u00e9sz\u00fclt\u00e9r\u0151l), illetve az \u00d6n tilt\u00f3 nyilatkozat\u00e1nak k\u00e9zhezv\u00e9tel\u00e9ig az al\u00e1bbiak szerint. Ez azt jelenti, hogy mi az \u00d6n szem\u00e9lyes adatait adott esetben azut\u00e1n is meg\u0151rizz\u00fck, miut\u00e1n \u00d6n besz\u00fcntette a Pann\u00f3nia Nyomda Kft. szolg\u00e1ltat\u00e1sainak ig\u00e9nybev\u00e9tel\u00e9t vagy e weblap haszn\u00e1lat\u00e1t. A Pann\u00f3nia Nyomda Kft. b\u00e1rmikor jogosult t\u00f6r\u00f6lni az \u00d6n szem\u00e9lyes adatait illetve \u00d6n is jogosult adatai t\u00f6rl\u00e9s\u00e9t b\u00e1rmikor, ingyenesen k\u00e9rni, amely k\u00e9r\u00e9snek halad\u00e9ktalanul eleget tesz\u00fcnk.<\/p>\n<div class=\"su-spacer\" style=\"height:20px\"><\/div>\n<h3><strong>8. Ad-e a Pann\u00f3nia Nyomda Kft. linkeket harmadik felek weblapjaihoz, \u00e9s mi t\u00f6rt\u00e9nik az \u00e9n szem\u00e9lyes adataimmal, ha e linkel\u00e9sre sor ker\u00fcl?<\/strong><\/h3>\n<p style=\"text-align: justify;\">A Pann\u00f3nia Nyomda Kft. az\u00e9rt tartalmaz m\u00e1s honlapokra mutat\u00f3 linket, hogy lehet\u0151s\u00e9get ny\u00fajtson \u00d6nnek a Pann\u00f3nia Nyomda Kfthez kapcsol\u00f3d\u00f3 \u00e9rdekes inform\u00e1ci\u00f3k \u00e1ttekint\u00e9s\u00e9re. Ezen weblapok nincsenek ellen\u0151rz\u00e9s\u00fcnk alatt, \u00e9s nem terjed ki r\u00e1juk a jelen Adatv\u00e9delmi Ir\u00e1nyelv. Ha \u00d6n a megadott linkek haszn\u00e1lat\u00e1val m\u00e1s weblapokhoz f\u00e9r hozz\u00e1, e weblapok oper\u00e1torai \u00f6sszegy\u0171jthetik az \u00d6n szem\u00e9lyes adatait. K\u00e9rj\u00fck, gy\u0151z\u0151dj\u00e9k meg arr\u00f3l, hogy el\u00e9gedett-e ezen weblapok Adatv\u00e9delmi Ir\u00e1nyelv\u00e9vel, miel\u0151tt b\u00e1rmilyen szem\u00e9lyes adatot megadna r\u00e9sz\u00fckre. A Pann\u00f3nia Nyomda Kft. amennyire csak lehets\u00e9ges, igyekszik biztos\u00edtani, hogy minden ilyen linkelt weblap a Pann\u00f3nia Nyomda Kft.-vel egyen\u00e9rt\u00e9k\u0171 int\u00e9zked\u00e9seket val\u00f3s\u00edtson meg az \u00d6n szem\u00e9lyes adatainak v\u00e9delm\u00e9re, de nem tudjuk garant\u00e1lni, hogy a linkelt weboldalak adatkezel\u00e9si el\u0151\u00edr\u00e1sai \u00f6sszhangban vannak az adatv\u00e9delemmel kapcsolatos jogszab\u00e1lyokkal.<\/p>\n<div class=\"su-spacer\" style=\"height:20px\"><\/div>\n<h3><strong>9. Jogosult-e a Pann\u00f3nia Nyomda Kft. megv\u00e1ltoztatni jelen Adatv\u00e9delmi Ir\u00e1nyelv el\u0151\u00edr\u00e1sait?<\/strong><\/h3>\n<p style=\"text-align: justify;\">A Pann\u00f3nia Nyomda Kft. fenntartja mag\u00e1nak a jogot, hogy alkalmank\u00e9nt megv\u00e1ltoztassa jelen Adatv\u00e9delmi Ir\u00e1nyelv rendelkez\u00e9seit. K\u00e9rj\u00fck, rendszeresen ellen\u0151rizze Adatv\u00e9delmi Ir\u00e1nyelv\u00fcnket, hogy nyomon k\u00f6vesse a v\u00e1ltoztat\u00e1sokat, illetve inform\u00e1l\u00f3djon, hogy a v\u00e1ltoz\u00e1sok hogyan \u00e9rintik \u00d6nt.<\/p>\n<div class=\"su-spacer\" style=\"height:20px\"><\/div>\n<h3><strong>10. Hol tal\u00e1lhatok tov\u00e1bbi t\u00e1j\u00e9koztat\u00e1st a Pann\u00f3nia Nyomda Kft. weblapjaival, valamint a jogaimmal \u00e9s k\u00f6telezetts\u00e9geimmel kapcsolatos k\u00e9rd\u00e9sekr\u0151l?<\/strong><\/h3>\n<p style=\"text-align: justify;\">Tov\u00e1bbi felmer\u00fcl\u0151 k\u00e9rd\u00e9seivel kapcsolatban az <a class=\"transy-link-inside-text\" href=\"mailto:info@pannonianyomda.hu?Subject=Adatkezel\u00e9s\">info@pannonianyomda.hu<\/a> e-mail c\u00edmen kaphat t\u00e1j\u00e9koztat\u00e1st, ahol igyeksz\u00fcnk minden k\u00e9rd\u00e9s\u00e9re v\u00e1laszt adni.<br \/>\nAmennyiben \u00d6n m\u00e9gis \u00fagy v\u00e9li, hogy adatait a Pann\u00f3nia Nyomda Kft. jogellenesen kezeli, akkor \u00d6n v\u00e1laszt\u00e1sa szerint a Pann\u00f3nia Nyomda Kft. sz\u00e9khelye szerint illet\u00e9kes T\u00f6rv\u00e9nysz\u00e9khez vagy lak\u00f3helye vagy tart\u00f3zkod\u00e1si helye szerint illet\u00e9kes T\u00f6rv\u00e9nysz\u00e9khez fordulhat.<\/p>\n<div class=\"su-spacer\" style=\"height:20px\"><\/div>\n<h3><strong>10. Hogyan \u00e9s mi\u00e9rt haszn\u00e1l a Pann\u00f3nia Nyomda Kft. s\u00fctiket azaz \u00fan. \u201ecookie-kat&#8221; (az \u00d6n g\u00e9p\u00e9n automatikusan elhelyezett inform\u00e1ci\u00f3)?<\/strong><\/h3>\n<p style=\"text-align: justify;\">A Pann\u00f3nia Nyomda Kft. bizonyos esetekben ig\u00e9nybe veszi a s\u00fctiket, hogy \u00f6sszegy\u0171jts\u00f6n olyan inform\u00e1ci\u00f3kat, mint p\u00e9ld\u00e1ul a b\u00f6ng\u00e9sz\u0151 t\u00edpusa, oper\u00e1ci\u00f3s rendszer, hivatkoz\u00e1si oldal, \u00e1thalad\u00e1si oldal, az ISP domain-je stb. A s\u00fctik seg\u00edtenek benn\u00fcnket abban, hogy az \u00d6n szem\u00e9lyes ig\u00e9nyeire szabjuk ezt a weblapot, tov\u00e1bb\u00e1 a honlapunkra t\u00f6rt\u00e9n\u0151 bel\u00e9p\u00e9st is megk\u00f6nny\u00edti.<br \/>\nA Pann\u00f3nia Nyomda Kft. a s\u00fctikb\u0151l gy\u0171jt\u00f6tt \u00f6sszes inform\u00e1ci\u00f3t nem \u0151rzi meg, ezek kiz\u00e1r\u00f3lag addig \u0151rz\u0151dnek meg az \u00d6n g\u00e9p\u00e9n, m\u00edg az \u00d6n \u00e1ltal haszn\u00e1lt b\u00f6ng\u00e9sz\u0151 a be\u00e1ll\u00edt\u00e1soknak megfelel\u0151en le nem t\u00f6rli \u0151ket. Ezek a kis f\u00e1jlok az \u00d6n merevlemez\u00e9n t\u00e1rol\u00f3dnak adatfeljegyz\u00e9s \u00e9s az \u00d6n tov\u00e1bbi l\u00e1togat\u00e1s\u00e1nak megk\u00f6nny\u00edt\u00e9se c\u00e9lj\u00e1b\u00f3l. Fentiek alapj\u00e1n \u00d6n a honlap haszn\u00e1lat\u00e1val hozz\u00e1j\u00e1rul\u00e1s\u00e1t adja a s\u00fctik fentiek szerinti szem\u00e9lyes adatot nem r\u00f6gz\u00edt\u0151, illetve tartalmaz\u00f3 ig\u00e9nybe v\u00e9tel\u00e9hez.<br \/>\nAz \u00d6n sz\u00e1m\u00edt\u00f3g\u00e9p\u00e9n elhelyezett s\u00fctik nem tartalmazz\u00e1k az \u00d6n nev\u00e9t, mind\u00f6ssze egy IP c\u00edmet foglalnak magukban. Mikor a felhaszn\u00e1l\u00f3i fi\u00f3k t\u00f6rl\u00e9sre ker\u00fcl, a s\u00fctikben foglalt inform\u00e1ci\u00f3k m\u00e1r nem \u00e1llnak a Pann\u00f3nia Nyomda Kft. rendelkez\u00e9s\u00e9re.<br \/>\nA s\u00fctik el nem fogad\u00e1sakor egyes weblapok nem m\u0171k\u00f6dnek t\u00f6k\u00e9letesen, illetve el\u0151fordulhat, hogy \u00d6n nem kap jogosults\u00e1got bizonyos adatokhoz val\u00f3 hozz\u00e1f\u00e9r\u00e9shez. \u00c1ltal\u00e1ban nem sz\u00fcks\u00e9ges a s\u00fctiket elfogadnia ahhoz, hogy haszn\u00e1lni tudja ezen \u00e9s m\u00e1s Pann\u00f3nia Nyomda Kft.-hez tartoz\u00f3 weblapokat, tov\u00e1bb\u00e1, hogy navig\u00e1lhasson azokon kereszt\u00fcl.<br \/>\nNe feledje, hogy ha m\u00e1s \u00e9s m\u00e1s sz\u00e1m\u00edt\u00f3g\u00e9pet haszn\u00e1l k\u00fcl\u00f6nb\u00f6z\u0151 helyeken, biztos\u00edtania kell, hogy mindegyik b\u00f6ng\u00e9sz\u0151 igazodjon az \u00d6n \u00e1ltal el\u0151nyben r\u00e9szes\u00edtett s\u00fcti be\u00e1ll\u00edt\u00e1sokhoz.<\/p>\n<div class=\"su-spacer\" style=\"height:20px\"><\/div>\n<h3><strong>11. Mi\u00e9rt sz\u00fcks\u00e9ges, hogy elfogadjam jelen Adatv\u00e9delmi Ir\u00e1nyelv felt\u00e9teleit?<\/strong><\/h3>\n<p style=\"text-align: justify;\">Jelen Adatv\u00e9delmi Ir\u00e1nyelv (k\u00f6nnyen hozz\u00e1f\u00e9rhet\u0151 m\u00f3don) minden olyan inform\u00e1ci\u00f3t biztos\u00edt az \u00d6n r\u00e9sz\u00e9re, amelynek seg\u00edts\u00e9g\u00e9vel megfelel\u0151 t\u00e1j\u00e9koztat\u00e1st kaphat adatai kezel\u00e9s\u00e9r\u0151l \u00e9s el tudja d\u00f6nteni, hogy haszn\u00e1lni k\u00edv\u00e1nja-e honlapunkat, \u00e9s megadja-e szem\u00e9lyes adatait a Pann\u00f3nia Nyomda Kft.-nek.<br \/>\nEz\u00e9rt jelen weblapot b\u00f6ng\u00e9szve \u00e9s elektronikus \u00faton kommunik\u00e1lva vel\u00fcnk \u00d6n tudom\u00e1sul veszi \u00e9s hozz\u00e1j\u00e1rul, hogy feldolgozzuk az \u00d6n adatait a jelen Adatv\u00e9delmi Ir\u00e1nyelvben meghat\u00e1rozott m\u00f3don.<br \/>\nTudom\u00e1sul veszi tov\u00e1bb\u00e1, hogy amennyiben e-mail c\u00edm\u00e9t illetve telefonsz\u00e1m\u00e1t r\u00e9sz\u00fcnkre megadja, akkor jogosultak vagyunk az \u00d6n r\u00e9sz\u00e9re elektronikus hirdet\u00e9st k\u00fcldeni. Adatai megad\u00e1s\u00e1val \u00d6n hozz\u00e1j\u00e1rult ahhoz, hogy szem\u00e9lyes adatai a Pann\u00f3nia Nyomda Kft. (1139 Budapest, Frangep\u00e1n u. 16.) adatb\u00e1zis\u00e1ba ker\u00fcljenek, \u00e9s azokat \u2013 az adatkezel\u00e9s c\u00e9ljainak el\u00e9r\u00e9s\u00e9ig illetve esetleges tilt\u00f3 nyilatkozata k\u00e9zhezv\u00e9tel\u00e9ig \u2013 a Pann\u00f3nia Nyomda Kft. minden tov\u00e1bbi ellenszolg\u00e1ltat\u00e1s \u00e9s enged\u00e9lyez\u00e9s n\u00e9lk\u00fcl felhaszn\u00e1lhassa saj\u00e1t marketingtev\u00e9kenys\u00e9ge c\u00e9lj\u00e1b\u00f3l a j\u00f6v\u0151ben, a kutat\u00e1s \u00e9s k\u00f6zvetlen \u00fczletszerz\u00e9s c\u00e9lj\u00e1t szolg\u00e1l\u00f3 n\u00e9v \u00e9s lakc\u00edmadatok kezel\u00e9s\u00e9r\u0151l sz\u00f3l\u00f3 1995. \u00e9vi CXIX. t\u00f6rv\u00e9nyben meghat\u00e1rozott piackutat\u00e1s \u00e9s k\u00f6zvetlen \u00fczletszerz\u00e9s c\u00e9lj\u00e1ra.<br \/>\nHa \u00d6n bizonyos szolg\u00e1ltat\u00e1st k\u00e9r t\u0151l\u00fcnk (p\u00e1ly\u00e1zatra, h\u00edrlev\u00e9lre jelentkezik vagy \u00faj term\u00e9k adatait k\u00e9ri t\u0151l\u00fcnk stb.), \u00fagy tov\u00e1bbi szem\u00e9lyes adatokra lehet sz\u00fcks\u00e9g\u00fcnk \u00d6nt\u0151l. Ebben az esetben az \u00d6n kifejezett hozz\u00e1j\u00e1rul\u00e1s\u00e1t k\u00e9rj\u00fck e szem\u00e9lyes adatok \u00f6sszegy\u0171jt\u00e9s\u00e9hez \u00e9s felhaszn\u00e1l\u00e1s\u00e1hoz. E szem\u00e9lyes adatokat csak azokra a c\u00e9lokra haszn\u00e1ljuk fel, amelyekre \u00d6n megadta nek\u00fcnk azokat. Ha b\u00e1rmilyen k\u00e9rd\u00e9se van jelen Adatv\u00e9delmi Ir\u00e1nyelvvel kapcsolatban, k\u00e9rj\u00fck, keresse meg a Pann\u00f3nia Nyomda Kft. a megadott c\u00edmen, \u00e9s mi k\u00e9szs\u00e9ggel seg\u00edt\u00fcnk minden esetleges tov\u00e1bbi k\u00e9rd\u00e9sben.<br \/>\nA jelen Adatv\u00e9delmi Ir\u00e1nyelvben nem szab\u00e1lyozott k\u00e9rd\u00e9sekben az inform\u00e1ci\u00f3s \u00f6nrendelkez\u00e9si jogr\u00f3l \u00e9s az inform\u00e1ci\u00f3szabads\u00e1gr\u00f3l sz\u00f3l\u00f3 2011. \u00e9vi CXII. t\u00f6rv\u00e9ny rendelkez\u00e9sei az ir\u00e1nyad\u00f3ak.<\/p>\n<div class=\"su-spacer\" style=\"height:20px\"><\/div>\n<p style=\"text-align: justify;\">Pann\u00f3nia Nyomda Kft., 2016.10.05.<\/p>\n","protected":false},"excerpt":{"rendered":"<p>Ez az Adatv\u00e9delmi Ir\u00e1nyelv azokat a gyakorlati adatkezel\u00e9si el\u0151\u00edr\u00e1sokat tartalmazza, amelyeket a Pann\u00f3nia Nyomda Kft, saj\u00e1t mag\u00e1val, mint adatkezel\u0151vel szemben fogalmazott meg az elektronikus \u00faton a r\u00e9sz\u00fcnkre rendelkez\u00e9s\u00e9re bocs\u00e1tott adatok kezel\u00e9s\u00e9vel kapcsolatban, \u00f6sszhangban a hat\u00e1lyos jogszab\u00e1lyi rendelkez\u00e9sekkel, \u00edgy k\u00fcl\u00f6n\u00f6sen az inform\u00e1ci\u00f3s \u00f6nrendelkez\u00e9si jogr\u00f3l \u00e9s az inform\u00e1ci\u00f3szabads\u00e1gr\u00f3l sz\u00f3l\u00f3 2011. \u00e9vi CXII. t\u00f6rv\u00e9nnyel. Az \u00d6n \u00e1ltal megadott [&hellip;]<\/p>\n","protected":false},"author":1,"featured_media":819,"parent":0,"menu_order":0,"comment_status":"closed","ping_status":"closed","template":"","meta":[],"_links":{"self":[{"href":"https:\/\/pannonianyomda.hu\/en\/wp-json\/wp\/v2\/pages\/806"}],"collection":[{"href":"https:\/\/pannonianyomda.hu\/en\/wp-json\/wp\/v2\/pages"}],"about":[{"href":"https:\/\/pannonianyomda.hu\/en\/wp-json\/wp\/v2\/types\/page"}],"author":[{"embeddable":true,"href":"https:\/\/pannonianyomda.hu\/en\/wp-json\/wp\/v2\/users\/1"}],"replies":[{"embeddable":true,"href":"https:\/\/pannonianyomda.hu\/en\/wp-json\/wp\/v2\/comments?post=806"}],"version-history":[{"count":12,"href":"https:\/\/pannonianyomda.hu\/en\/wp-json\/wp\/v2\/pages\/806\/revisions"}],"predecessor-version":[{"id":820,"href":"https:\/\/pannonianyomda.hu\/en\/wp-json\/wp\/v2\/pages\/806\/revisions\/820"}],"wp:featuredmedia":[{"embeddable":true,"href":"https:\/\/pannonianyomda.hu\/en\/wp-json\/wp\/v2\/media\/819"}],"wp:attachment":[{"href":"https:\/\/pannonianyomda.hu\/en\/wp-json\/wp\/v2\/media?parent=806"}],"curies":[{"name":"wp","href":"https:\/\/api.w.org\/{rel}","templated":true}]}}