{"id":790,"date":"2016-10-05T10:08:42","date_gmt":"2016-10-05T08:08:42","guid":{"rendered":"http:\/\/pannonianyomda.hu\/en\/?page_id=790"},"modified":"2016-10-05T15:18:29","modified_gmt":"2016-10-05T13:18:29","slug":"altalanos-szerzodesi-feltetelek","status":"publish","type":"page","link":"https:\/\/pannonianyomda.hu\/en\/altalanos-szerzodesi-feltetelek\/","title":{"rendered":"\u00c1ltal\u00e1nos szerz\u0151d\u00e9si felt\u00e9telek"},"content":{"rendered":"<h3><strong>A Pann\u00f3nia Nyomda Kft. weboldal\/FTP felhaszn\u00e1l\u00e1si felt\u00e9telei<\/strong><\/h3>\n<p style=\"text-align: justify;\">K\u00f6sz\u00f6nj\u00fck, hogy megl\u00e1togatta ezt a weboldal! K\u00e9rj\u00fck, olvassa el figyelmesen a jelen dokumentumot, mivel a weboldal haszn\u00e1lat\u00e1val elfogadja az itt meghat\u00e1rozott felhaszn\u00e1l\u00e1si felt\u00e9teleket. A honlapon haszn\u00e1lt <strong>\u201emi\u201d<\/strong>, <strong>\u201eminket\u201d<\/strong>, <strong>\u201emi\u00e9nk\u201d<\/strong>, <strong>\u201ePann\u00f3nia Nyomda Kft.\u201d<\/strong> a <strong>Pann\u00f3nia Nyomda Kft.<\/strong> v\u00e1llalatra utalnak. A <strong>\u201eFelhaszn\u00e1l\u00f3\u201d<\/strong> kifejez\u00e9s a weboldalhoz <strong>mindenkor hozz\u00e1f\u00e9r\u0151 \u00e9s\/vagy azt felhaszn\u00e1l\u00f3 szem\u00e9lyre<\/strong> utal.<\/p>\n<div class=\"su-spacer\" style=\"height:20px\"><\/div>\n<h3><strong>Szem\u00e9lyes adatok v\u00e9delme a weboldalon<\/strong><\/h3>\n<p style=\"text-align: justify;\">A weboldalra\/FTP-re elk\u00fcld\u00f6tt szem\u00e9lyes adatokra \u00e9s szem\u00e9lyes adatokat tartalmaz\u00f3 anyagokra a weboldalon k\u00f6zz\u00e9tett Adatv\u00e9delmi Ir\u00e1nyelvekben meghat\u00e1rozott felt\u00e9telek vonatkoznak.<\/p>\n<div class=\"su-spacer\" style=\"height:20px\"><\/div>\n<h3><strong>Az adatok pontoss\u00e1ga, teljess\u00e9ge \u00e9s id\u0151szer\u0171s\u00e9ge<\/strong><\/h3>\n<p style=\"text-align: justify;\">Noha minden \u00e9sszer\u0171 er\u0151fesz\u00edt\u00e9st megtesz\u00fcnk a weboldalon\/FTP-n tal\u00e1lhat\u00f3 adatok pontoss\u00e1g\u00e1nak \u00e9s teljess\u00e9g\u00e9nek biztos\u00edt\u00e1sa \u00e9rdek\u00e9ben, nem v\u00e1llalunk felel\u0151ss\u00e9get a weboldalon tal\u00e1lhat\u00f3 adatok esetleges pontatlans\u00e1g\u00e1b\u00f3l vagy hi\u00e1nyoss\u00e1g\u00e1b\u00f3l ered\u0151 b\u00e1rminem\u0171 k\u00e1r\u00e9rt. A Felhaszn\u00e1l\u00f3 a weboldalon\/FTP-n el\u00e9rhet\u0151 anyagokra kiz\u00e1r\u00f3lag saj\u00e1t felel\u0151ss\u00e9g\u00e9re hagyatkozhat. A Felhaszn\u00e1l\u00f3 tudom\u00e1sul veszi, hogy a weboldalon\/FTP-n tal\u00e1lhat\u00f3 anyagok \u00e9s adatok esetleges v\u00e1ltoz\u00e1sainak figyelemmel k\u00eds\u00e9r\u00e9se szint\u00e9n saj\u00e1t felel\u0151ss\u00e9ge.<\/p>\n<div class=\"su-spacer\" style=\"height:20px\"><\/div>\n<h3><strong>Tov\u00e1bb\u00edt\u00e1s<\/strong><\/h3>\n<p style=\"text-align: justify;\">A Felhaszn\u00e1l\u00f3 \u00e1ltal a weboldalra\/FTP-n elektronikus lev\u00e9l \u00fatj\u00e1n vagy m\u00e1s m\u00f3don tov\u00e1bb\u00edtott nem szem\u00e9lyes kommunik\u00e1ci\u00f3 vagy egy\u00e9b anyag \u2013 k\u00f6zt\u00fck b\u00e1rmilyen adat, k\u00e9rd\u00e9s, megjegyz\u00e9s, javaslat \u00e9s hasonl\u00f3k \u2013 nem min\u0151s\u00fclnek bizalmas vagy oltalom alatt \u00e1ll\u00f3 inform\u00e1ci\u00f3nak, \u00edgy ennek megfelel\u0151 m\u00f3don kezelj\u00fck azokat. B\u00e1rmely a weboldalra\/FTP-re tov\u00e1bb\u00edtott vagy bejegyz\u00e9sk\u00e9nt megtal\u00e1lhat\u00f3 inform\u00e1ci\u00f3k, adatok a Pann\u00f3nia Nyomda Kft. tulajdon\u00e1t k\u00e9pezik. A Pann\u00f3nia Nyomda Kft. korl\u00e1tlanul jogosult tov\u00e1bb\u00e1 a Felhaszn\u00e1l\u00f3 \u00e1ltal a weboldalra\/FTP-re tov\u00e1bb\u00edtott k\u00f6zl\u00e9sekben tal\u00e1lhat\u00f3 gondolatokat, tal\u00e1lm\u00e1nyokat, fejleszt\u00e9seket, javaslatokat vagy koncepci\u00f3kat b\u00e1rmilyen c\u00e9lb\u00f3l (t\u00f6bbek k\u00f6z\u00f6tt term\u00e9kek fejleszt\u00e9se, gy\u00e1rt\u00e1sa, rekl\u00e1moz\u00e1sa \u00e9s marketingje c\u00e9lj\u00e1b\u00f3l) felhaszn\u00e1lni. Az ilyen felhaszn\u00e1l\u00e1sok ut\u00e1n az inform\u00e1ci\u00f3t tov\u00e1bb\u00edt\u00f3 f\u00e9l semmilyen ellenszolg\u00e1ltat\u00e1sra nem jogosult. Az inform\u00e1ci\u00f3 tov\u00e1bb\u00edt\u00e1s\u00e1val a Felhaszn\u00e1l\u00f3 szavatolja, hogy \u0151 az ezen anyaghoz\/tartalomhoz f\u0171z\u0151d\u0151 jogok kiz\u00e1r\u00f3lagos jogosultja, az ilyen anyagok\/tartalmak nem s\u00e9rt\u0151ek, tov\u00e1bb\u00e1 az azok Pann\u00f3nia Nyomda Kft. \u00e1ltal t\u00f6rt\u00e9n\u0151 felhaszn\u00e1l\u00e1sa nem s\u00e9rti harmadik f\u00e9l jogait vagy b\u00e1rmely ir\u00e1nyad\u00f3 jogszab\u00e1lyt. A Pann\u00f3nia Nyomda Kft. nem k\u00f6teles felhaszn\u00e1lni a tov\u00e1bb\u00edtott inform\u00e1ci\u00f3kat.<\/p>\n<div class=\"su-spacer\" style=\"height:20px\"><\/div>\n<h3><strong>Szellemi alkot\u00e1shoz f\u0171z\u0151d\u0151 jogok<\/strong><\/h3>\n<p style=\"text-align: justify;\">A weboldalon\/FTP-n tal\u00e1lhat\u00f3 sz\u00f6vegekhez, k\u00e9pekhez \u00e9s m\u00e1s anyagokhoz f\u0171z\u0151d\u0151 szerz\u0151i-, v\u00e9djegy- \u00e9s m\u00e1s szellemi alkot\u00e1shoz f\u0171z\u0151d\u0151 jogok jogosultja a Pann\u00f3nia Nyomda Kft., illetve azok a vonatkoz\u00f3 jogosult enged\u00e9ly\u00e9vel jelennek meg a weboldalon\/FTP-n.<\/p>\n<p style=\"text-align: justify;\">A Felhaszn\u00e1l\u00f3 jogosult a weboldalon\/FTP-n b\u00f6ng\u00e9szni, valamint az annak tartalm\u00e1b\u00f3l k\u00e9sz\u00fclt kivonatokat nyomtat\u00e1s, merevlemezre ment\u00e9s \u00fatj\u00e1n, illetve m\u00e1s szem\u00e9lyeknek t\u00f6rt\u00e9n\u0151 tov\u00e1bb\u00edt\u00e1s c\u00e9lj\u00e1b\u00f3l mag\u00e1nc\u00e9lra t\u00f6bbsz\u00f6r\u00f6zni. E jog gyakorl\u00e1s\u00e1nak felt\u00e9tele, hogy a Felhaszn\u00e1l\u00f3 \u00e9rintetlen\u00fcl hagyja a szerz\u0151i jogi \u00e9s egy\u00e9b jogv\u00e9delmi nyilatkozatokat, valamint a t\u00f6bbsz\u00f6r\u00f6z\u00f6tt anyagokon felt\u00fcnteti az al\u00e1bbi v\u00e9djegy inform\u00e1ci\u00f3kat. A weboldal\/FTP b\u00e1rmely r\u00e9sz\u00e9nek t\u00f6bbsz\u00f6r\u00f6z\u00f6tt v\u00e1ltozatai ad\u00e1sv\u00e9tel \u00fatj\u00e1n vagy haszonszerz\u00e9s c\u00e9lj\u00e1b\u00f3l nem hasznos\u00edthat\u00f3k, nem m\u00f3dos\u00edthat\u00f3k, tov\u00e1bb\u00e1 m\u00e1s m\u0171ben, kiadv\u00e1nyban vagy weboldalon nem haszn\u00e1lhat\u00f3k fel.<br \/>\nA weboldalon\/FTP-n megjelen\u00edtett v\u00e9djegyekhez, log\u00f3khoz, karakterekhez \u00e9s szolg\u00e1ltat\u00e1si v\u00e9djegyekhez valamint a szerz\u0151i jogi v\u00e9delem alatt \u00e1ll\u00f3 alkot\u00e1sok, tov\u00e1bb\u00e1 minden a weboldalon \/FTP-n megjelen\u0151 szellemi alkot\u00e1shoz (egy\u00fcttesen: \u201eV\u00e9djegyek\u201d) f\u0171z\u0151d\u0151 jogok jogosultja a Pann\u00f3nia Nyomda Kft. A weboldal\/FTP tartalma semmilyen k\u00f6r\u00fclm\u00e9nyek k\u00f6z\u00f6tt nem \u00e9rtelmezhet\u0151 olyan m\u00f3don, mintha az a weboldalon\/FTP-n megjelen\u00edtett V\u00e9djegyek b\u00e1rmelyik\u00e9nek felhaszn\u00e1l\u00e1sa tekintet\u00e9ben b\u00e1rki sz\u00e1m\u00e1ra felhaszn\u00e1l\u00e1si jogot vagy enged\u00e9lyt biztos\u00edtana. A jelen Felhaszn\u00e1l\u00e1si Felt\u00e9telekben meghat\u00e1rozott kiv\u00e9teleken t\u00falmen\u0151en a Felhaszn\u00e1l\u00f3 sz\u00e1m\u00e1ra szigor\u00faan tilos a weboldalon\/FTP-n, vagy a weboldalon\/FTP-n el\u00e9rhet\u0151 b\u00e1rmely tartalomban megjelen\u0151 V\u00e9djegyek (jogosulatlan) felhaszn\u00e1l\u00e1sa. T\u00e1j\u00e9koztatjuk tov\u00e1bb\u00e1, hogy a Pann\u00f3nia Nyomda Kft. a jog \u00e1ltal megengedett keretek k\u00f6z\u00f6tt a lehet\u0151 legteljesebb m\u00e9rt\u00e9kben \u00e9rv\u00e9nyes\u00edti a szellemi alkot\u00e1sokhoz f\u0171z\u0151d\u0151 jogait.<\/p>\n<div class=\"su-spacer\" style=\"height:20px\"><\/div>\n<h3><strong>M\u00e1s weboldalakra mutat\u00f3 hivatkoz\u00e1sok<\/strong><\/h3>\n<p style=\"text-align: justify;\">A Pann\u00f3nia Nyomda Kft. weboldalain tal\u00e1lhat\u00f3 hivatkoz\u00e1sokat k\u00f6vetve el\u0151fordulhat, hogy elhagyja a Pann\u00f3nia Nyomda Kft. h\u00e1l\u00f3zat\u00e1t \u00e9s rendszerein k\u00edv\u00fcl tal\u00e1lhat\u00f3 tartalmakhoz f\u00e9r hozz\u00e1. A Pann\u00f3nia Nyomda Kft. nem v\u00e1llal felel\u0151ss\u00e9get a harmadik felek \u00e1ltal k\u00e9sz\u00edtett weboldalak tartalm\u00e1\u00e9rt, pontoss\u00e1g\u00e1\u00e9rt \u00e9s m\u0171k\u00f6d\u00e9s\u00e9\u00e9rt. A hivatkoz\u00e1sokat j\u00f3hiszem\u0171en elj\u00e1rva bocs\u00e1tjuk a Felhaszn\u00e1l\u00f3 rendelkez\u00e9s\u00e9re. A Pann\u00f3nia Nyomda Kft. nem v\u00e1llal felel\u0151ss\u00e9get a hivatkoz\u00e1s \u00e1ltal megjel\u00f6lt, harmadik f\u00e9l \u00e1ltal k\u00e9sz\u00edtett weboldalak\u00e9rt, azok esetleges v\u00e1ltoz\u00e1sai\u00e9rt. A m\u00e1s weboldalakra mutat\u00f3 hivatkoz\u00e1sok elhelyez\u00e9se nem jelenti azt, hogy a Pann\u00f3nia Nyomda Kft. az adott weboldalt b\u00e1rmilyen form\u00e1ban t\u00e1mogatn\u00e1. A legteljesebb m\u00e9rt\u00e9kben arra biztatjuk a Felhaszn\u00e1l\u00f3t, hogy ismerje meg \u00e9s gondosan olvassa \u00e1t a megl\u00e1togatott m\u00e1s weboldalakon elhelyezett jogi \u00e9s adatv\u00e9delmi nyilatkozatokat.<\/p>\n<div class=\"su-spacer\" style=\"height:20px\"><\/div>\n<h3><strong>Szavatoss\u00e1g \u00e9s felel\u0151ss\u00e9gkorl\u00e1toz\u00e1s<\/strong><\/h3>\n<p style=\"text-align: justify;\">A Felhaszn\u00e1l\u00f3 saj\u00e1t \u00e9s kiz\u00e1r\u00f3lagos felel\u0151ss\u00e9ge mellett haszn\u00e1lja ezt a weboldalt\/FTP-t.<\/p>\n<div class=\"su-spacer\" style=\"height:20px\"><\/div>\n<h4><strong>Szavatoss\u00e1g<\/strong><\/h4>\n<p style=\"text-align: justify;\">E weboldalt\/FTP-t a Pann\u00f3nia Nyomda Kft. \u201eAs Is\u201d (ahogyan van) \u00e9s \u201eAs Available\u201d (ahogyan el\u00e9rhet\u0151) alapon ny\u00fajtja, enn\u00e9lfogva a Pann\u00f3nia Nyomda Kft. nem v\u00e1llal semmilyen \u2013 ak\u00e1r kifejezett, bele\u00e9rtett, jogszab\u00e1lyon alapul\u00f3 vagy m\u00e1s szavatoss\u00e1got a weboldalon el\u00e9rhet\u0151 anyagok teljess\u00e9g\u00e9\u00e9rt, pontoss\u00e1g\u00e1\u00e9rt, megb\u00edzhat\u00f3s\u00e1g\u00e1\u00e9rt, naprak\u00e9szs\u00e9g\u00e9\u00e9rt, jogtisztas\u00e1g\u00e1\u00e9rt, a weboldalhoz\/FTP-hez val\u00f3 hozz\u00e1f\u00e9r\u00e9s-megszakad\u00e1st\u00f3l vagy hib\u00e1kt\u00f3l val\u00f3 mentess\u00e9g\u00e9\u00e9rt, a weboldal v\u00edrusmentess\u00e9g\u00e9\u00e9rt, a weboldalon kereszt\u00fcl a Pann\u00f3nia Nyomda Kft. megszerzett tan\u00e1csok vagy v\u00e9lem\u00e9nyek pontoss\u00e1g\u00e1\u00e9rt vagy megb\u00edzhat\u00f3s\u00e1g\u00e1\u00e9rt. Az ezekre ir\u00e1nyul\u00f3 kijelent\u00e9sekt\u0151l \u00e9s szavatol\u00e1sokt\u00f3l ez\u00e9rt a Pann\u00f3nia Nyomda Kft. kifejezetten elz\u00e1rk\u00f3zik.<\/p>\n<p style=\"text-align: justify;\">Fenntartjuk a jogot, hogy e weboldal\/FTP b\u00e1rmely r\u00e9sz\u00e9hez vagy eg\u00e9sz\u00e9hez, illetve annak b\u00e1rmely funkci\u00f3j\u00e1hoz val\u00f3 hozz\u00e1f\u00e9r\u00e9s\u00e9t el\u0151zetes \u00e9rtes\u00edt\u00e9s n\u00e9lk\u00fcl b\u00e1rmikor korl\u00e1tozzuk, felf\u00fcggessz\u00fck, vagy megsz\u00fcntess\u00fck.<\/p>\n<div class=\"su-spacer\" style=\"height:20px\"><\/div>\n<h4><strong>Felel\u0151ss\u00e9g<\/strong><\/h4>\n<p style=\"text-align: justify;\">A Pann\u00f3nia Nyomda Kft. \u00e9s\/vagy a nev\u00fcnkben a weboldal k\u00e9sz\u00edt\u00e9s\u00e9ben, el\u0151\u00e1ll\u00edt\u00e1s\u00e1ban vagy el\u00e9rhet\u0151v\u00e9 t\u00e9tel\u00e9ben r\u00e9szt vev\u0151 harmadik felek nem v\u00e1llalnak felel\u0151ss\u00e9get a weboldalhoz vagy a weboldalr\u00f3l valamely hivatkoz\u00e1s \u00fatj\u00e1n megnyitott m\u00e1s weboldalhoz val\u00f3 hozz\u00e1f\u00e9r\u00e9sb\u0151l, illetve ezek haszn\u00e1lat\u00e1b\u00f3l, haszn\u00e1lat\u00e1ra val\u00f3 k\u00e9ptelens\u00e9gb\u0151l, tartalm\u00e1nak v\u00e1ltoz\u00e1saib\u00f3l, vagy \u2013 a jog \u00e1ltal megengedett legteljesebb m\u00e9rt\u00e9kben \u2013 a Felhaszn\u00e1l\u00f3 \u00e1ltal r\u00e9sz\u00fcnkre k\u00fcld\u00f6tt elektronikus lev\u00e9l alapj\u00e1n \u00e1ltalunk v\u00e9grehajtott vagy v\u00e9gre nem hajtott int\u00e9zked\u00e9sb\u0151l b\u00e1rmilyen m\u00f3don sz\u00e1rmaz\u00f3 semmilyen k\u00f6zvetlen, j\u00e1rul\u00e9kos, k\u00f6vetkezm\u00e9ny jelleg\u0171, k\u00f6zvetett, k\u00fcl\u00f6n\u00f6s vagy szankci\u00f3 jelleg\u0171 k\u00e1r\u00e9rt, k\u00f6lts\u00e9g\u00e9rt, vesztes\u00e9g\u00e9rt vagy k\u00f6telezetts\u00e9g\u00e9rt.<\/p>\n<p style=\"text-align: justify;\">A Pann\u00f3nia Nyomda Kft. \u00e9s\/vagy a nev\u00fcnkben a weboldal\/FTP k\u00e9sz\u00edt\u00e9s\u00e9ben, el\u0151\u00e1ll\u00edt\u00e1s\u00e1ban vagy el\u00e9rhet\u0151v\u00e9 t\u00e9tel\u00e9ben r\u00e9szt vev\u0151 harmadik felek nem k\u00f6telesek a weboldalon\/FTP-n kereszt\u00fcl el\u00e9rhet\u0151v\u00e9 tett anyagokat \u00e9s szolg\u00e1ltat\u00e1sokat fenntartani, illetve azokkal kapcsolatban b\u00e1rmilyen jav\u00edt\u00e1st, aktualiz\u00e1l\u00e1st, vagy friss\u00edt\u00e9st v\u00e9gezni. A weboldalon tal\u00e1lhat\u00f3 tartalmak el\u0151zetes \u00e9rtes\u00edt\u00e9s n\u00e9lk\u00fcl v\u00e1ltozhatnak. Az FTP-n tal\u00e1lhat\u00f3 anyagokat el\u0151zetes \u00e9rtes\u00edt\u00e9s n\u00e9lk\u00fcl t\u00f6r\u00f6lhetj\u00fck.<\/p>\n<p style=\"text-align: justify;\">A Pann\u00f3nia Nyomda Kft. nem v\u00e1llal felel\u0151ss\u00e9get tov\u00e1bb\u00e1 a weboldal\/FTP haszn\u00e1lata, a weboldalhoz\/FTP-hez val\u00f3 hozz\u00e1f\u00e9r\u00e9s, vagy b\u00e1rmely anyag weboldalr\u00f3l val\u00f3 let\u00f6lt\u00e9se k\u00f6vetkezt\u00e9ben a Felhaszn\u00e1l\u00f3 sz\u00e1m\u00edt\u00f3g\u00e9p\u00e9t vagy m\u00e1s tulajdon\u00e1t \u00e9rint\u0151 v\u00edrusfert\u0151z\u00e9s miatt bek\u00f6vetkez\u0151 esetleges vesztes\u00e9g\u00e9rt. A Felhaszn\u00e1l\u00f3k b\u00e1rmely anyagot saj\u00e1t felel\u0151ss\u00e9g\u00fckre t\u00f6ltenek le a weboldalr\u00f3l\/FTP-r\u0151l.<\/p>\n<p style=\"text-align: justify;\">Az ir\u00e1nyad\u00f3 jog szerint megengedett lehet\u0151 legteljesebb m\u00e9rt\u00e9kben a Felhaszn\u00e1l\u00f3 kifejezetten lemond a Pann\u00f3nia Nyomda Kft. \u00e9s annak tisztvisel\u0151i, igazgat\u00f3i, munkav\u00e1llal\u00f3i, besz\u00e1ll\u00edt\u00f3i \u00e9s programoz\u00f3i elleni minden, a weboldal\/FTP haszn\u00e1lat\u00e1b\u00f3l vagy az ahhoz val\u00f3 hozz\u00e1f\u00e9r\u00e9sb\u0151l ered\u0151 k\u00f6vetel\u00e9sr\u0151l.<\/p>\n<div class=\"su-spacer\" style=\"height:20px\"><\/div>\n<h3><strong>Tiltott tev\u00e9kenys\u00e9g<\/strong><\/h3>\n<p style=\"text-align: justify;\">A Felhaszn\u00e1l\u00f3k nem v\u00e9gezhetnek a Pann\u00f3nia Nyomda Kft. saj\u00e1t m\u00e9rlegel\u00e9si k\u00f6r\u00e9ben helytelennek tartott, \u00e9s\/vagy a weboldalra\/FTP-re vonatkoz\u00f3 b\u00e1rmely jogszab\u00e1ly szerint jogellenesnek vagy tiltottnak min\u0151s\u00fcl\u0151 tev\u00e9kenys\u00e9get, k\u00f6zt\u00fck a k\u00f6vetkez\u0151ket:<\/p>\n<ul style=\"color: #ffffff; margin: 1em 0 1em 0;\">\n<li style=\"text-align: justify;\">Mag\u00e1nszem\u00e9lyek szem\u00e9lyes adatait (p\u00e9ld\u00e1ul mag\u00e1njelleg\u0171 adatok felt\u00f6lt\u00e9se az \u00e9rintett hozz\u00e1j\u00e1rul\u00e1sa n\u00e9lk\u00fcl) vagy m\u00e1s jogait s\u00e9rt\u0151 tev\u00e9kenys\u00e9g;<\/li>\n<li style=\"text-align: justify;\">A weboldal haszn\u00e1lata a Pann\u00f3nia Nyomda Kft., annak munkav\u00e1llal\u00f3inak, vagy m\u00e1s szem\u00e9lyeknek a becsm\u00e9rl\u00e9se vagy r\u00e1galmaz\u00e1sa c\u00e9lj\u00e1b\u00f3l, valamint minden, a Pann\u00f3nia Nyomda Kft. j\u00f3h\u00edr\u00e9t csorb\u00edt\u00f3 magatart\u00e1s;<\/li>\n<li style=\"text-align: justify;\">A Pann\u00f3nia Nyomda Kft. vagy m\u00e1s szem\u00e9lyek tulajdon\u00e1ban esetlegesen k\u00e1rokoz\u00e1sra alkalmas v\u00edrusokat tartalmaz\u00f3 f\u00e1jlok felt\u00f6lt\u00e9se;<\/li>\n<li style=\"text-align: justify;\">Nem enged\u00e9lyezett p\u00e9ld\u00e1ul a meg\u00edt\u00e9l\u00e9s\u00fcnk szerint a Pann\u00f3nia Nyomda Kft. vagy harmadik szem\u00e9lyek rendszereit vagy h\u00e1l\u00f3zatbiztons\u00e1g\u00e1t v\u00e9lhet\u0151en k\u00e1rosan zavar\u00f3, gyal\u00e1zkod\u00f3, rasszista, obszc\u00e9n, fenyeget\u0151 jelleg\u0171, pornogr\u00e1f, vagy egy\u00e9bk\u00e9nt jogellenes anyagok k\u00f6zz\u00e9t\u00e9tele vagy tov\u00e1bb\u00edt\u00e1sa a weboldalra\/FTP-re.<\/li>\n<\/ul>\n<div class=\"su-spacer\" style=\"height:20px\"><\/div>\n<h3><strong>Joghat\u00f3s\u00e1g \u00e9s alkalmazand\u00f3 jog<\/strong><\/h3>\n<p style=\"text-align: justify;\">A Pann\u00f3nia Nyomda Kft. nem tesz arra ir\u00e1nyul\u00f3 kijelent\u00e9st, hogy a weboldalon\/FTP-n tal\u00e1lhat\u00f3 anyagok \u00e9s inform\u00e1ci\u00f3k minden orsz\u00e1g \u00e9s minden nyelv tekintet\u00e9ben megfelel\u0151ek vagy el\u00e9rhet\u0151ek. A Felhaszn\u00e1l\u00f3 a weboldal l\u00e1togat\u00e1s\u00e1val elfogadja, hogy a weboldal\/FTP haszn\u00e1lat\u00e1b\u00f3l sz\u00e1rmaz\u00f3 vagy azzal kapcsolatos vit\u00e1kra \u00e9s k\u00f6vetel\u00e9sekre a ter\u00fclethez k\u00f6thet\u0151 magyarorsz\u00e1gi b\u00edr\u00f3s\u00e1g rendelkezik joghat\u00f3s\u00e1ggal.<\/p>\n<div class=\"su-spacer\" style=\"height:20px\"><\/div>\n<h3><strong>A jogi t\u00e1j\u00e9koztat\u00f3 aktualiz\u00e1l\u00e1sa<\/strong><\/h3>\n<p style=\"text-align: justify;\">Fenntartjuk a jogot e t\u00e1j\u00e9koztat\u00f3 m\u00f3dos\u00edt\u00e1s\u00e1ra \u00e9s kieg\u00e9sz\u00edt\u00e9s\u00e9re. E szab\u00e1lyok \u00e9s az esetleges \u00fajabb inform\u00e1ci\u00f3k \u00e1ttekint\u00e9se \u00e9rdek\u00e9ben rendszeresen l\u00e1togassa ezt a weboldalt.<\/p>\n<div class=\"su-spacer\" style=\"height:20px\"><\/div>\n<span style=\"color: #ffffff;\">2016. okt\u00f3ber 05. Pann\u00f3nia Nyomda Kft.<\/span><\/p>\n","protected":false},"excerpt":{"rendered":"<p>A Pann\u00f3nia Nyomda Kft. weboldal\/FTP felhaszn\u00e1l\u00e1si felt\u00e9telei K\u00f6sz\u00f6nj\u00fck, hogy megl\u00e1togatta ezt a weboldal! K\u00e9rj\u00fck, olvassa el figyelmesen a jelen dokumentumot, mivel a weboldal haszn\u00e1lat\u00e1val elfogadja az itt meghat\u00e1rozott felhaszn\u00e1l\u00e1si felt\u00e9teleket. A honlapon haszn\u00e1lt \u201emi\u201d, \u201eminket\u201d, \u201emi\u00e9nk\u201d, \u201ePann\u00f3nia Nyomda Kft.\u201d a Pann\u00f3nia Nyomda Kft. v\u00e1llalatra utalnak. A \u201eFelhaszn\u00e1l\u00f3\u201d kifejez\u00e9s a weboldalhoz mindenkor hozz\u00e1f\u00e9r\u0151 \u00e9s\/vagy azt felhaszn\u00e1l\u00f3 [&hellip;]<\/p>\n","protected":false},"author":1,"featured_media":805,"parent":0,"menu_order":0,"comment_status":"closed","ping_status":"closed","template":"","meta":[],"_links":{"self":[{"href":"https:\/\/pannonianyomda.hu\/en\/wp-json\/wp\/v2\/pages\/790"}],"collection":[{"href":"https:\/\/pannonianyomda.hu\/en\/wp-json\/wp\/v2\/pages"}],"about":[{"href":"https:\/\/pannonianyomda.hu\/en\/wp-json\/wp\/v2\/types\/page"}],"author":[{"embeddable":true,"href":"https:\/\/pannonianyomda.hu\/en\/wp-json\/wp\/v2\/users\/1"}],"replies":[{"embeddable":true,"href":"https:\/\/pannonianyomda.hu\/en\/wp-json\/wp\/v2\/comments?post=790"}],"version-history":[{"count":15,"href":"https:\/\/pannonianyomda.hu\/en\/wp-json\/wp\/v2\/pages\/790\/revisions"}],"predecessor-version":[{"id":817,"href":"https:\/\/pannonianyomda.hu\/en\/wp-json\/wp\/v2\/pages\/790\/revisions\/817"}],"wp:featuredmedia":[{"embeddable":true,"href":"https:\/\/pannonianyomda.hu\/en\/wp-json\/wp\/v2\/media\/805"}],"wp:attachment":[{"href":"https:\/\/pannonianyomda.hu\/en\/wp-json\/wp\/v2\/media?parent=790"}],"curies":[{"name":"wp","href":"https:\/\/api.w.org\/{rel}","templated":true}]}}