{"id":52,"date":"2016-03-12T21:47:25","date_gmt":"2016-03-12T20:47:25","guid":{"rendered":"http:\/\/pannonianyomda.hu\/en\/?page_id=52"},"modified":"2016-11-02T14:45:35","modified_gmt":"2016-11-02T13:45:35","slug":"letoltesek-%e2%96%aa-ftp","status":"publish","type":"page","link":"https:\/\/pannonianyomda.hu\/en\/letoltesek-%e2%96%aa-ftp\/","title":{"rendered":"Download \u25aa FTP"},"content":{"rendered":"<div class=\"w3-row-padding\">\n<div class=\"w3-col s12 m6 l4\">\n<div class=\"su-animate\" style=\"opacity:0;-webkit-animation-duration:0.5s;-webkit-animation-delay:0s;animation-duration:0.5s;animation-delay:0s;\" data-animation=\"fadeIn\" data-duration=\"0.5\" data-delay=\"0\">\n<a class=\"transy-download-wrapper\" href=\"http:\/\/pannonianyomda.hu\/en\/wp-content\/uploads\/2016\/10\/PannoniaNyomda.joboptions.zip\"><\/p>\n<div>\n<div class=\"transy-down-bg-pos-1\">\n<img loading=\"lazy\" src=\"http:\/\/pannonianyomda.hu\/en\/wp-content\/uploads\/2016\/09\/pannonia-nyomda-download-icon-pdf-joboptions.png\" alt=\"Pann\u00f3nia Nyomda Kft. - PDF joboptions\" width=\"136\" height=\"170\" class=\"size-full wp-image-625\" \/>Joboption settings for Adobe Acrobat\n<\/div>\n<div>\nThe link below contain the Adobe Acrobat joboptions file, necessary to produce PDF\/X-1a:2001 accepted by us. Import it in Acrobat Distiller (see in \u201eSettings\u201d menu \u201eAdd Adobe PDF settings&#8230;\u201d submenu).\n<\/div>\n<\/div>\n<p><\/a><br \/>\n<\/div>\n<\/div>\n<div class=\"w3-col s12 m6 l4\">\n<div class=\"su-animate\" style=\"opacity:0;-webkit-animation-duration:0.5s;-webkit-animation-delay:0.05s;animation-duration:0.5s;animation-delay:0.05s;\" data-animation=\"fadeIn\" data-duration=\"0.5\" data-delay=\"0.05\">\n<a class=\"transy-download-wrapper\" href=\"http:\/\/pannonianyomda.hu\/en\/wp-content\/uploads\/2016\/10\/PannoniaNyomda_PPD.zip\"><\/p>\n<div>\n<div class=\"transy-down-bg-pos-2\">\n<img loading=\"lazy\" src=\"http:\/\/pannonianyomda.hu\/en\/wp-content\/uploads\/2016\/09\/pannonia-nyomda-download-icon-ppd.png\" alt=\"Pann\u00f3nia Nyomda Kft. - PPD\" width=\"136\" height=\"170\" class=\"size-full wp-image-632\" \/>PostScript Printer Drivers &#8211; PPD\n<\/div>\n<div>\nFor PPD&#8217;s suitable for image setting machines and CTP please download zipped file linked below. Download it, unzip and use Adobe PostScript Driver Setup program for install. Works under Win 7\/8\/8.1\/10 32 bit.\n<\/div>\n<\/div>\n<p><\/a><br \/>\n<\/div>\n<\/div>\n<div class=\"w3-col s12 m12 l4\">\n<div class=\"su-animate\" style=\"opacity:0;-webkit-animation-duration:0.5s;-webkit-animation-delay:0.1s;animation-duration:0.5s;animation-delay:0.1s;\" data-animation=\"fadeIn\" data-duration=\"0.5\" data-delay=\"0.1\">\n<a class=\"transy-download-wrapper\" href=\"http:\/\/pannonianyomda.hu\/en\/wp-content\/uploads\/2016\/10\/AdobePS106.zip\"><\/p>\n<div>\n<div class=\"transy-down-bg-pos-3\">\n<img loading=\"lazy\" src=\"http:\/\/pannonianyomda.hu\/en\/wp-content\/uploads\/2016\/09\/pannonia-nyomda-download-icon-exe.png\" alt=\"Pann\u00f3nia Nyomda Kft. - Adobe PostScript Driver Setup\" width=\"136\" height=\"170\" class=\"size-full wp-image-631\" \/>Adobe PostScript Driver Setup\n<\/div>\n<div>\nRun under 32 bit Win 7\/8\/8.1\/10 environment under Win XP Service Pack 3 compatibility mode. <strong>On 64-bit environment, the program<\/strong> does not work. In this case, please generate a composite PDF\/X-1a: 2001 file.\n<\/div>\n<\/div>\n<p><\/a><br \/>\n<\/div>\n<\/div>\n<\/div>\n<div class=\"w3-row-padding\">\n<div class=\"w3-col s12 m6 l4\">\n<div class=\"su-animate\" style=\"opacity:0;-webkit-animation-duration:0.5s;-webkit-animation-delay:0.15s;animation-duration:0.5s;animation-delay:0.15s;\" data-animation=\"fadeIn\" data-duration=\"0.5\" data-delay=\"0.15\">\n<a class=\"transy-download-wrapper\" href=\"http:\/\/pannonianyomda.hu\/en\/wp-content\/uploads\/2016\/10\/PannoniaNyomda_Nyomdai_Megrendelolap.pdf\"><\/p>\n<div>\n<div>\n<img loading=\"lazy\" src=\"http:\/\/pannonianyomda.hu\/en\/wp-content\/uploads\/2016\/09\/pannonia-nyomda-download-icon-order.png\" alt=\"Pann\u00f3nia Nyomda Kft. - Nyomdai megrendel\u0151lap\" width=\"136\" height=\"170\" class=\"size-full wp-image-625\" \/>Printing order form\n<\/div>\n<div>\nIf the price is attractive for you, please send the form (in Hungarian) linked below fully completed. Only fully completed forms are accepted.\n<\/div>\n<\/div>\n<p><\/a><br \/>\n<\/div>\n<\/div>\n<div class=\"w3-col s12 m6 l4\">\n<div class=\"su-animate\" style=\"opacity:0;-webkit-animation-duration:0.5s;-webkit-animation-delay:0.2s;animation-duration:0.5s;animation-delay:0.2s;\" data-animation=\"fadeIn\" data-duration=\"0.5\" data-delay=\"0.2\">\n<a class=\"transy-download-wrapper\" href=\"http:\/\/pannonianyomda.hu\/en\/wp-content\/uploads\/2016\/10\/PannoniaNyomda_Levil_CTP_Megrendelolap.pdf\"><\/p>\n<div>\n<div  class=\"transy-down-bg-pos-4\">\n<img loading=\"lazy\" src=\"http:\/\/pannonianyomda.hu\/en\/wp-content\/uploads\/2016\/09\/pannonia-nyomda-download-icon-order.png\" alt=\"Pann\u00f3nia Nyomda Kft. - CTP \u00e9s levil\u00e1g\u00edt\u00e1si megrendel\u0151lap\" width=\"136\" height=\"170\" class=\"size-full wp-image-625\" \/>CTP and image setting order form\n<\/div>\n<div>\nFor CTP or image setting order please download the order form (in Hungarian) linked below. Only fully completed forms are accepted.\n<\/div>\n<\/div>\n<p><\/a><br \/>\n<\/div>\n<\/div>\n<div class=\"w3-col s12 m12 l4\">\n<div class=\"su-animate\" style=\"opacity:0;-webkit-animation-duration:0.5s;-webkit-animation-delay:0.25s;animation-duration:0.5s;animation-delay:0.25s;\" data-animation=\"fadeIn\" data-duration=\"0.5\" data-delay=\"0.25\">\n<a class=\"transy-download-wrapper\" href=\"http:\/\/pannonianyomda.hu\/en\/wp-content\/uploads\/2016\/10\/PannoniaNyomda_Szkenn_Megrendelolap.pdf\"><\/p>\n<div>\n<div  class=\"transy-down-bg-pos-5\">\n<img loading=\"lazy\" src=\"http:\/\/pannonianyomda.hu\/en\/wp-content\/uploads\/2016\/09\/pannonia-nyomda-download-icon-order.png\" alt=\"Pann\u00f3nia Nyomda Kft. - K\u00e9pfeldolgoz\u00e1s megrendel\u0151lap\" width=\"136\" height=\"170\" class=\"size-full wp-image-625\" \/>Image manipulation order form\n<\/div>\n<div>\nFor scanning or retouching please download the order form (in Hungarian) linked below.Only fully completed forms are accepted.\n<\/div>\n<\/div>\n<p><\/a><br \/>\n<\/div>\n<\/div>\n<\/div>\n<div class=\"w3-row-padding\">\n<div class=\"w3-col s12 m6 l6\">\n<div class=\"su-animate\" style=\"opacity:0;-webkit-animation-duration:0.5s;-webkit-animation-delay:0s;animation-duration:0.5s;animation-delay:0s;\" data-animation=\"fadeIn\" data-duration=\"0.5\" data-delay=\"0\">\n<a class=\"transy-download-wrapper\" href=\"http:\/\/pannonianyomda.hu\/en\/wp-content\/uploads\/2016\/10\/PannoniaNyomda_FTP_Megrendelolap.pdf\"><\/p>\n<div>\n<div  class=\"transy-down-bg-pos-1\">\n<img loading=\"lazy\" src=\"http:\/\/pannonianyomda.hu\/en\/wp-content\/uploads\/2016\/09\/pannonia-nyomda-download-icon-ftp.png\" alt=\"Pann\u00f3nia Nyomda Kft. - FTP ig\u00e9nyl\u00e9s\" width=\"136\" height=\"170\" class=\"size-full wp-image-625\" \/>FTP requests\n<\/div>\n<div>\nFTP is a standard network protocol used to exchange and manipulate files over a TCP\/IP-based network, such as the Internet. Small (less than 5MB) files can be send over e-mail as well (for appropriate e-mail address please see &#8220;Contact&#8221; menu). But for larger files please use FTP protocol. For FTP registration please download the contact form linked below (ZIPed PDF file) and return it to us completed.\n<\/div>\n<\/div>\n<p><\/a><br \/>\n<\/div>\n<\/div>\n<div class=\"w3-col s12 m6 l6\">\n<div class=\"su-animate\" style=\"opacity:0;-webkit-animation-duration:0.5s;-webkit-animation-delay:0s;animation-duration:0.5s;animation-delay:0s;\" data-animation=\"fadeIn\" data-duration=\"0.5\" data-delay=\"0\">\n<a class=\"transy-download-wrapper\" href=\"https:\/\/drive.google.com\/folderview?id=0B8P_FAkEOzHVfmhpT0NMN2JQdHlHM1hlaUUyNUtPOFdKdmd2OWRBUkZjdnhFeWRhQXgwem8&#038;usp=sharing\"><\/p>\n<div>\n<div  class=\"transy-down-bg-pos-3\">\n<img loading=\"lazy\" src=\"http:\/\/pannonianyomda.hu\/en\/wp-content\/uploads\/2016\/09\/pannonia-nyomda-download-icon-sablonok.png\" alt=\"Pann\u00f3nia Nyomda Kft. - Sablonok\" width=\"136\" height=\"170\" class=\"size-full wp-image-625\" \/>Graphic templates\n<\/div>\n<div>\nFor Easter cards and business cards you can download templates from here. Just find the text, the text layout for contacts, select the template number and send to us. Embossing, varnishing, die cut is not a problem, we can solve it. For details please contact us.\n<\/div>\n<\/div>\n<p><\/a><br \/>\n<\/div>\n<\/div>\n<\/div>\n<div class=\"w3-row-padding\">\n<div class=\"w3-col s12 m6 l6\">\n<div class=\"su-animate\" style=\"opacity:0;-webkit-animation-duration:0.5s;-webkit-animation-delay:0s;animation-duration:0.5s;animation-delay:0s;\" data-animation=\"fadeIn\" data-duration=\"0.5\" data-delay=\"0\">\n<a class=\"transy-download-wrapper\" href=\"http:\/\/pannonianyomda.hu\/en\/wp-content\/uploads\/2016\/06\/PannoniaNyomda_Reklamhordozo_Eseti_nyilatkozat_2015.docx\"><\/p>\n<div>\n<div>\n<img loading=\"lazy\" src=\"http:\/\/pannonianyomda.hu\/en\/wp-content\/uploads\/2016\/09\/pannonia-nyomda-download-icon-termekdij.png\" alt=\"Pann\u00f3nia Nyomda Kft. - Rekl\u00e1mhordoz\u00f3 eseti term\u00e9kd\u00edj nyilatkozat\" width=\"136\" height=\"170\" class=\"size-full wp-image-625\" \/>Form for commercial advertising paper environmental product fee (in Hungarian)\n<\/div>\n<div>\n<div class=\"su-document su-u-responsive-media-yes\"><iframe src=\"\/\/docs.google.com\/viewer?embedded=true&url=http:\/\/pannonianyomda.hu\/en\/wp-content\/uploads\/2016\/06\/PannoniaNyomda_Reklamhordozo_Eseti_nyilatkozat_2015.docx\" width=\"600\" height=\"400\" class=\"su-document\" title=\"\"><\/iframe><\/div>\n<\/div>\n<\/div>\n<p><\/a><br \/>\n<\/div>\n<\/div>\n<div class=\"w3-col s12 m6 l6\">\n<div class=\"su-animate\" style=\"opacity:0;-webkit-animation-duration:0.5s;-webkit-animation-delay:0s;animation-duration:0.5s;animation-delay:0s;\" data-animation=\"fadeIn\" data-duration=\"0.5\" data-delay=\"0\">\n<a class=\"transy-download-wrapper\" href=\"http:\/\/pannonianyomda.hu\/en\/wp-content\/uploads\/2016\/06\/PannoniaNyomda_Csomagolas_Eseti-nyilatkozat_2015.docx\"><\/p>\n<div>\n<div class=\"transy-down-bg-pos-1\">\n<img loading=\"lazy\" src=\"http:\/\/pannonianyomda.hu\/en\/wp-content\/uploads\/2016\/09\/pannonia-nyomda-download-icon-termekdij.png\" alt=\"Pann\u00f3nia Nyomda Kft. - Csomagol\u00f3anyag eseti term\u00e9kd\u00edj nyilatkozat\" width=\"136\" height=\"170\" class=\"size-full wp-image-625\" \/>Form for commercial packaging paper environmental product fee (in Hungarian)\n<\/div>\n<div>\n<div class=\"su-document su-u-responsive-media-yes\"><iframe src=\"\/\/docs.google.com\/viewer?embedded=true&url=http:\/\/pannonianyomda.hu\/en\/wp-content\/uploads\/2016\/06\/PannoniaNyomda_Csomagolas_Eseti-nyilatkozat_2015.docx\" width=\"600\" height=\"400\" class=\"su-document\" title=\"\"><\/iframe><\/div>\n<\/div>\n<\/div>\n<p><\/a><br \/>\n<\/div>\n<\/div>\n<\/div>\n","protected":false},"excerpt":{"rendered":"","protected":false},"author":1,"featured_media":225,"parent":0,"menu_order":0,"comment_status":"closed","ping_status":"closed","template":"","meta":[],"_links":{"self":[{"href":"https:\/\/pannonianyomda.hu\/en\/wp-json\/wp\/v2\/pages\/52"}],"collection":[{"href":"https:\/\/pannonianyomda.hu\/en\/wp-json\/wp\/v2\/pages"}],"about":[{"href":"https:\/\/pannonianyomda.hu\/en\/wp-json\/wp\/v2\/types\/page"}],"author":[{"embeddable":true,"href":"https:\/\/pannonianyomda.hu\/en\/wp-json\/wp\/v2\/users\/1"}],"replies":[{"embeddable":true,"href":"https:\/\/pannonianyomda.hu\/en\/wp-json\/wp\/v2\/comments?post=52"}],"version-history":[{"count":132,"href":"https:\/\/pannonianyomda.hu\/en\/wp-json\/wp\/v2\/pages\/52\/revisions"}],"predecessor-version":[{"id":942,"href":"https:\/\/pannonianyomda.hu\/en\/wp-json\/wp\/v2\/pages\/52\/revisions\/942"}],"wp:featuredmedia":[{"embeddable":true,"href":"https:\/\/pannonianyomda.hu\/en\/wp-json\/wp\/v2\/media\/225"}],"wp:attachment":[{"href":"https:\/\/pannonianyomda.hu\/en\/wp-json\/wp\/v2\/media?parent=52"}],"curies":[{"name":"wp","href":"https:\/\/api.w.org\/{rel}","templated":true}]}}