{"id":50,"date":"2016-03-12T21:45:10","date_gmt":"2016-03-12T20:45:10","guid":{"rendered":"http:\/\/pannonianyomda.hu\/en\/?page_id=50"},"modified":"2016-10-04T14:12:12","modified_gmt":"2016-10-04T12:12:12","slug":"arak-%e2%96%aa-arajanlat","status":"publish","type":"page","link":"https:\/\/pannonianyomda.hu\/en\/arak-%e2%96%aa-arajanlat\/","title":{"rendered":"\u00c1rak \u25aa \u00c1raj\u00e1nlat"},"content":{"rendered":"<div class=\"su-tabs su-tabs-style-default su-tabs-mobile-stack transy-arak-tabs su-tabs-vertical\" data-active=\"1\" data-scroll-offset=\"0\" data-anchor-in-url=\"no\"><div class=\"su-tabs-nav\"><span class=\"\" data-anchor=\"arajanlatkeres\" data-url=\"\" data-target=\"blank\" tabindex=\"0\" role=\"button\"><a href='#arajanlatkeres'>\u00c1raj\u00e1nlatk\u00e9r\u00e9s<\/a><\/span><span class=\"\" data-anchor=\"ctp-arak\" data-url=\"\" data-target=\"blank\" tabindex=\"0\" role=\"button\"><a href='#ctp-arak'>CTP \u00e1rak<\/a><\/span><span class=\"\" data-anchor=\"levilagitasi-arak\" data-url=\"\" data-target=\"blank\" tabindex=\"0\" role=\"button\"><a href='#levilagitasi-arak'>Levil\u00e1g\u00edt\u00e1si \u00e1rak<\/a><\/span><span class=\"\" data-anchor=\"digiproof-arak\" data-url=\"\" data-target=\"blank\" tabindex=\"0\" role=\"button\"><a href='#digiproof-arak'>Digit\u00e1lis proof \u00e1rak<\/a><\/span><span class=\"\" data-anchor=\"szkenneles-arak\" data-url=\"\" data-target=\"blank\" tabindex=\"0\" role=\"button\"><a href='#szkenneles-arak'>Szkennel\u00e9s \u00e1rak<\/a><\/span><span class=\"\" data-anchor=\"tordeles-arak\" data-url=\"\" data-target=\"blank\" tabindex=\"0\" role=\"button\"><a href='#tordeles-arak'>Grafikai tervez\u00e9s, t\u00f6rdel\u00e9s \u00e1rak<\/a><\/span><\/div><div class=\"su-tabs-panes\"><div class=\"su-tabs-pane su-u-clearfix su-u-trim\" data-title=\"&lt;a href=&#039;#arajanlatkeres&#039;&gt;\u00c1raj\u00e1nlatk\u00e9r\u00e9s&lt;\/a&gt;\">\n    <div class=\"su-animate\" style=\"opacity:0;-webkit-animation-duration:0.5s;-webkit-animation-delay:0s;animation-duration:0.5s;animation-delay:0s;\" data-animation=\"slideInLeft\" data-duration=\"0.5\" data-delay=\"0\">\n<h3>\u00c1RAJ\u00c1NLATK\u00c9R\u00c9S<\/h3>\n<p>      \n    <\/div>\n  <\/div>\n<div class=\"su-tabs-pane su-u-clearfix su-u-trim\" data-title=\"&lt;a href=&#039;#ctp-arak&#039;&gt;CTP \u00e1rak&lt;\/a&gt;\">\n   <div class=\"su-animate\" style=\"opacity:0;-webkit-animation-duration:0.5s;-webkit-animation-delay:0s;animation-duration:0.5s;animation-delay:0s;\" data-animation=\"slideInLeft\" data-duration=\"0.5\" data-delay=\"0\">\n<table class=\"transy-info-table-szoszedett transy-info-table-type-center-all\">\n<tr>\n<th colspan=\"3\">CTP lemezek &#8211; lista\u00e1r<\/th>\n<\/tr>\n<tr>\n<th>T\u00edpus<\/th>\n<th>M\u00e9ret (H x SZ x V) [mm]<\/th>\n<th>Nett\u00f3 \u00e1r<\/th>\n<\/tr>\n<tr>\n<td>GTO47<\/td>\n<td>450 x 370 x 0,15<\/td>\n<td>950 Ft<\/td>\n<\/tr>\n<tr>\n<td>Romayor<\/td>\n<td>494 x 370 x 0,15<\/td>\n<td>980 Ft<\/td>\n<\/tr>\n<tr>\n<td>GTO52<\/td>\n<td>510 x 400 x 0,15<\/td>\n<td>980 Ft<\/td>\n<\/tr>\n<tr>\n<td>Heidelberg SM52<\/td>\n<td>525 x 459 x 0,15<\/td>\n<td>1 200 Ft<\/td>\n<\/tr>\n<tr>\n<td>Dominant<\/td>\n<td>650 x 530 x 0,3<\/td>\n<td>1 900 Ft<\/td>\n<\/tr>\n<tr>\n<td>Heidelberg CD74<\/td>\n<td>745 x 605 x 0,3<\/td>\n<td>2 150 Ft<\/td>\n<\/tr>\n<\/table>\n<p>   <\/div>\n  <\/div>\n<div class=\"su-tabs-pane su-u-clearfix su-u-trim\" data-title=\"&lt;a href=&#039;#levilagitasi-arak&#039;&gt;Levil\u00e1g\u00edt\u00e1si \u00e1rak&lt;\/a&gt;\">\n   <div class=\"su-animate\" style=\"opacity:0;-webkit-animation-duration:0.5s;-webkit-animation-delay:0s;animation-duration:0.5s;animation-delay:0s;\" data-animation=\"slideInLeft\" data-duration=\"0.5\" data-delay=\"0\">\n<table class=\"transy-info-table-szoszedett transy-info-table-type-center-all\">\n<tr>\n<th colspan=\"2\">Levil\u00e1g\u00edt\u00e1s &#8211; lista\u00e1r<br \/><small>(\u00e9rv\u00e9nyes 2015. j\u00fanius 1-t\u0151l)<\/small><\/th>\n<\/tr>\n<tr>\n<th>M\u00e9ret<\/th>\n<th>Nett\u00f3 \u00e1r<\/th>\n<\/tr>\n<tr>\n<td>A4<\/td>\n<td>550 Ft<\/td>\n<\/tr>\n<tr>\n<td>A3<\/td>\n<td>1 100 Ft<\/td>\n<\/tr>\n<tr>\n<td>A2<\/td>\n<td>2 200 Ft<\/td>\n<\/tr>\n<tr>\n<td>B4<\/td>\n<td>730 Ft<\/td>\n<\/tr>\n<tr>\n<td>B3<\/td>\n<td>1 460 Ft<\/td>\n<\/tr>\n<tr>\n<td>B2<\/td>\n<td>2 920 Ft<\/td>\n<\/tr>\n<tr>\n<td colspan=2>\n<small><br \/>\nA szabv\u00e1nyost\u00f3l elt\u00e9r\u0151 m\u00e9retekn\u00e9l a levil\u00e1g\u00edt\u00e1si ter\u00fclet meghat\u00e1roz\u00e1sa a kifut\u00f3kkal egy\u00fctt t\u00f6rt\u00e9nik \u00e9s az \u00edgy kapott n\u00e9gyzetm\u00e9ter \u00e1r ker\u00fcl kisz\u00e1ml\u00e1z\u00e1sra. A felt\u00fcntetett \u00e1rak 2540 dpi felbont\u00e1sig \u00e9rv\u00e9nyesek. Egyszeri megrendel\u00e9s eset\u00e9n a minimum kisz\u00e1ml\u00e1zott m\u00e9ret A4.<br \/>\n<\/small>\n<\/td>\n<\/tr>\n<\/table>\n<p>   <\/div>\n  <\/div>\n<div class=\"su-tabs-pane su-u-clearfix su-u-trim\" data-title=\"&lt;a href=&#039;#digiproof-arak&#039;&gt;Digit\u00e1lis proof \u00e1rak&lt;\/a&gt;\">\n   <div class=\"su-animate\" style=\"opacity:0;-webkit-animation-duration:0.5s;-webkit-animation-delay:0s;animation-duration:0.5s;animation-delay:0s;\" data-animation=\"slideInLeft\" data-duration=\"0.5\" data-delay=\"0\">\n<table class=\"transy-info-table-szoszedett transy-info-table-type-center-all\">\n<tr>\n<th colspan=\"2\">Digit\u00e1lis proof &#8211; lista\u00e1r<\/th>\n<\/tr>\n<tr>\n<th>M\u00e9ret<\/th>\n<th>Nett\u00f3 \u00e1r<\/th>\n<\/tr>\n<tr>\n<td>A4\/B4 (max. 240 x 327 mm)<\/td>\n<td>1 500 Ft<\/td>\n<\/tr>\n<tr>\n<td>A3\/B3 (max. 327 x 450 mm)<\/td>\n<td>3 000 Ft<\/td>\n<\/tr>\n<tr>\n<td>A2\/B2 (max. 450 x 624 mm)<\/td>\n<td>6 000 Ft<\/td>\n<\/tr>\n<tr>\n<td colspan=2>\n<small><br \/>\nA t\u00e1bl\u00e1zatban felt\u00fcntetett maxim\u00e1lis m\u00e9retek a m\u00e9g standard m\u00e9retnek megfelel\u0151 \u00e9rt\u00e9keket jelzik. Az A \u00e9s B m\u00e9ret\u0171 digit\u00e1lis proof-ok egy \u00e1rban ker\u00fclnek kisz\u00e1ml\u00e1z\u00e1sra.<\/small>\n<\/td>\n<\/tr>\n<\/table>\n<p>   <\/div>\n  <\/div>\n<div class=\"su-tabs-pane su-u-clearfix su-u-trim\" data-title=\"&lt;a href=&#039;#szkenneles-arak&#039;&gt;Szkennel\u00e9s \u00e1rak&lt;\/a&gt;\">\n   <div class=\"su-animate\" style=\"opacity:0;-webkit-animation-duration:0.5s;-webkit-animation-delay:0s;animation-duration:0.5s;animation-delay:0s;\" data-animation=\"slideInLeft\" data-duration=\"0.5\" data-delay=\"0\">\n<table class=\"transy-info-table-szoszedett transy-info-table-type-center-all\">\n<tr>\n<th colspan=\"2\">Szkennel\u00e9s, k\u00e9pfeldolgoz\u00e1s &#8211; lista\u00e1r<\/th>\n<\/tr>\n<tr>\n<th>M\u00e9ret<\/th>\n<th>Nett\u00f3 \u00e1r<\/th>\n<\/tr>\n<tr>\n<td>6 MB<\/td>\n<td>300 Ft<\/td>\n<\/tr>\n<tr>\n<td>10 MB<\/td>\n<td>560 Ft<\/td>\n<\/tr>\n<tr>\n<td>18 MB (kb. A5 \/ 300 dpi)<\/td>\n<td>1 040 Ft<\/td>\n<\/tr>\n<tr>\n<td>35 MB (kb. A4 \/ 300 dpi)<\/td>\n<td>1 800 Ft<\/td>\n<\/tr>\n<tr>\n<td>70 MB (kb. A3 \/ 300 dpi)<\/td>\n<td>3 550 Ft<\/td>\n<\/tr>\n<tr>\n<td>150 MB<\/td>\n<td>7 440 Ft<\/td>\n<\/tr>\n<tr>\n<td>200 MB<\/td>\n<td>9 440 Ft<\/td>\n<\/tr>\n<tr>\n<td>400 MB<\/td>\n<td>18 880 Ft<\/td>\n<\/tr>\n<tr>\n<td colspan=2>\n<small><br \/>\nA t\u00e1bl\u00e1zat egy terjedelmesebb &#8211; MB-os l\u00e9ptet\u00e9ssel meghat\u00e1rozott &#8211; \u00e1rlista kivonata, felt\u00fcntetve a jellegzetesebb f\u00e1jlm\u00e9reteket. A fenti \u00e1rak a bont\u00e1st \u00e9s a sz\u00ednkorrekci\u00f3t tartalmazz\u00e1k, de nem tartalmazz\u00e1k a retus\u00e1l\u00e1st. A diahib\u00e1k, karcok, stb. kijav\u00edt\u00e1s\u00e1\u00e9rt, illetve az egyszer\u0171bb kih\u00e1tterez\u00e9sek\u00e9rt az alap\u00e1r 50%-\u00e1t sz\u00e1m\u00edtjuk fel. Bonyolult kih\u00e1tterez\u00e9sek \u00e9s k\u00e9pmanipul\u00e1ci\u00f3k eset\u00e9n g\u00e9p\u00f3ra d\u00edjat sz\u00e1m\u00edtunk az alap\u00e1rra, melynek m\u00e9rt\u00e9ke 3500 Ft\/\u00f3ra+\u00c1FA.<\/small>\n<\/td>\n<\/tr>\n<\/table>\n<p>   <\/div>\n  <\/div>\n<div class=\"su-tabs-pane su-u-clearfix su-u-trim\" data-title=\"&lt;a href=&#039;#tordeles-arak&#039;&gt;Grafikai tervez\u00e9s, t\u00f6rdel\u00e9s \u00e1rak&lt;\/a&gt;\">\n   <div class=\"su-animate\" style=\"opacity:0;-webkit-animation-duration:0.5s;-webkit-animation-delay:0s;animation-duration:0.5s;animation-delay:0s;\" data-animation=\"slideInLeft\" data-duration=\"0.5\" data-delay=\"0\">\n<h3>Grafikai tervez\u00e9s, t\u00f6rdel\u00e9s, k\u00e9pmanipul\u00e1l\u00e1s<\/h3>\n<p style=\"text-align: justify\">\n     \u00c1ltal\u00e1nos g\u00e9p\u00f3rad\u00edjunk nett\u00f3 <strong>3 500 Ft\/\u00f3ra<\/strong>. Hozott digit\u00e1lis vagy anal\u00f3g anyagok speci\u00e1lis k\u00e9pfeldolgoz\u00e1s\u00e1ra ugyancsak g\u00e9p\u00f3rad\u00edjat sz\u00e1m\u00edtunk fel. Kiadv\u00e1nyszerkeszt\u00e9s \u00e1raj\u00e1nlat\u00e9rt, k\u00e9rj\u00fck forduljon szem\u00e9lyesen, telefonon, vagy e-mailben hozz\u00e1nk. El\u00e9rhet\u0151s\u00e9geink megtal\u00e1lhat\u00f3ak honlapunk <a class=\"transy-link-inside-text\" href=\"http:\/\/pannonianyomda.hu\/en\/kapcsolat\/\">\u201eKapcsolat\u201d<\/a> men\u00fcpontj\u00e1ban.\n   <\/p>\n<p>   <\/div>\n  <\/div><\/div><\/div>\n","protected":false},"excerpt":{"rendered":"","protected":false},"author":1,"featured_media":221,"parent":0,"menu_order":0,"comment_status":"closed","ping_status":"closed","template":"","meta":[],"_links":{"self":[{"href":"https:\/\/pannonianyomda.hu\/en\/wp-json\/wp\/v2\/pages\/50"}],"collection":[{"href":"https:\/\/pannonianyomda.hu\/en\/wp-json\/wp\/v2\/pages"}],"about":[{"href":"https:\/\/pannonianyomda.hu\/en\/wp-json\/wp\/v2\/types\/page"}],"author":[{"embeddable":true,"href":"https:\/\/pannonianyomda.hu\/en\/wp-json\/wp\/v2\/users\/1"}],"replies":[{"embeddable":true,"href":"https:\/\/pannonianyomda.hu\/en\/wp-json\/wp\/v2\/comments?post=50"}],"version-history":[{"count":27,"href":"https:\/\/pannonianyomda.hu\/en\/wp-json\/wp\/v2\/pages\/50\/revisions"}],"predecessor-version":[{"id":781,"href":"https:\/\/pannonianyomda.hu\/en\/wp-json\/wp\/v2\/pages\/50\/revisions\/781"}],"wp:featuredmedia":[{"embeddable":true,"href":"https:\/\/pannonianyomda.hu\/en\/wp-json\/wp\/v2\/media\/221"}],"wp:attachment":[{"href":"https:\/\/pannonianyomda.hu\/en\/wp-json\/wp\/v2\/media?parent=50"}],"curies":[{"name":"wp","href":"https:\/\/api.w.org\/{rel}","templated":true}]}}